{"id":25,"date":"2020-07-31T13:35:40","date_gmt":"2020-07-31T13:35:40","guid":{"rendered":"https:\/\/www.angstag.ch\/?page_id=25"},"modified":"2022-08-16T07:55:14","modified_gmt":"2022-08-16T07:55:14","slug":"catering","status":"publish","type":"page","link":"https:\/\/www.angstag.ch\/index.php\/catering\/","title":{"rendered":"Catering"},"content":{"rendered":"\t\t<div data-elementor-type=\"wp-page\" data-elementor-id=\"25\" class=\"elementor elementor-25\" data-elementor-post-type=\"page\">\n\t\t\t\t\t\t<section class=\"elementor-section elementor-top-section elementor-element elementor-element-90f67fc elementor-section-full_width elementor-section-height-default elementor-section-height-default\" data-id=\"90f67fc\" data-element_type=\"section\" data-e-type=\"section\" data-settings=\"{&quot;background_background&quot;:&quot;classic&quot;,&quot;sticky&quot;:&quot;top&quot;,&quot;sticky_on&quot;:[&quot;desktop&quot;,&quot;tablet&quot;,&quot;mobile&quot;],&quot;sticky_offset&quot;:0,&quot;sticky_effects_offset&quot;:0}\">\n\t\t\t\t\t\t<div class=\"elementor-container elementor-column-gap-default\">\n\t\t\t\t\t<div class=\"elementor-column elementor-col-100 elementor-top-column elementor-element elementor-element-57c568f\" data-id=\"57c568f\" data-element_type=\"column\" data-e-type=\"column\">\n\t\t\t<div class=\"elementor-widget-wrap elementor-element-populated\">\n\t\t\t\t\t\t<div class=\"elementor-element elementor-element-a95605c elementor-widget elementor-widget-spacer\" data-id=\"a95605c\" data-element_type=\"widget\" data-e-type=\"widget\" data-widget_type=\"spacer.default\">\n\t\t\t\t<div class=\"elementor-widget-container\">\n\t\t\t\t\t\t\t<div class=\"elementor-spacer\">\n\t\t\t<div class=\"elementor-spacer-inner\"><\/div>\n\t\t<\/div>\n\t\t\t\t\t\t<\/div>\n\t\t\t\t<\/div>\n\t\t\t\t<div class=\"elementor-element elementor-element-c3446e4 elementor-widget elementor-widget-heading\" data-id=\"c3446e4\" data-element_type=\"widget\" data-e-type=\"widget\" data-widget_type=\"heading.default\">\n\t\t\t\t<div class=\"elementor-widget-container\">\n\t\t\t\t\t<h2 class=\"elementor-heading-title elementor-size-default\">Catering<\/h2>\t\t\t\t<\/div>\n\t\t\t\t<\/div>\n\t\t\t\t<div class=\"elementor-element elementor-element-3ad6913 elementor-widget elementor-widget-spacer\" data-id=\"3ad6913\" data-element_type=\"widget\" data-e-type=\"widget\" data-widget_type=\"spacer.default\">\n\t\t\t\t<div class=\"elementor-widget-container\">\n\t\t\t\t\t\t\t<div class=\"elementor-spacer\">\n\t\t\t<div class=\"elementor-spacer-inner\"><\/div>\n\t\t<\/div>\n\t\t\t\t\t\t<\/div>\n\t\t\t\t<\/div>\n\t\t\t\t\t<\/div>\n\t\t<\/div>\n\t\t\t\t\t<\/div>\n\t\t<\/section>\n\t\t\t\t<section class=\"elementor-section elementor-top-section elementor-element elementor-element-5c1a871 elementor-section-boxed elementor-section-height-default elementor-section-height-default\" data-id=\"5c1a871\" data-element_type=\"section\" data-e-type=\"section\">\n\t\t\t\t\t\t<div class=\"elementor-container elementor-column-gap-default\">\n\t\t\t\t\t<div class=\"elementor-column elementor-col-100 elementor-top-column elementor-element elementor-element-ee7e2da\" data-id=\"ee7e2da\" data-element_type=\"column\" data-e-type=\"column\">\n\t\t\t<div class=\"elementor-widget-wrap elementor-element-populated\">\n\t\t\t\t\t\t<div class=\"elementor-element elementor-element-083ff24 elementor-widget elementor-widget-spacer\" data-id=\"083ff24\" data-element_type=\"widget\" data-e-type=\"widget\" data-widget_type=\"spacer.default\">\n\t\t\t\t<div class=\"elementor-widget-container\">\n\t\t\t\t\t\t\t<div class=\"elementor-spacer\">\n\t\t\t<div class=\"elementor-spacer-inner\"><\/div>\n\t\t<\/div>\n\t\t\t\t\t\t<\/div>\n\t\t\t\t<\/div>\n\t\t\t\t\t<\/div>\n\t\t<\/div>\n\t\t\t\t\t<\/div>\n\t\t<\/section>\n\t\t\t\t<section class=\"elementor-section elementor-top-section elementor-element elementor-element-2050863 elementor-section-full_width elementor-section-height-default elementor-section-height-default\" data-id=\"2050863\" data-element_type=\"section\" data-e-type=\"section\">\n\t\t\t\t\t\t<div class=\"elementor-container elementor-column-gap-default\">\n\t\t\t\t\t<div class=\"elementor-column elementor-col-50 elementor-top-column elementor-element elementor-element-f83197e\" data-id=\"f83197e\" data-element_type=\"column\" data-e-type=\"column\">\n\t\t\t<div class=\"elementor-widget-wrap elementor-element-populated\">\n\t\t\t\t\t\t<div class=\"elementor-element elementor-element-b5df092 elementor-widget elementor-widget-image\" data-id=\"b5df092\" data-element_type=\"widget\" data-e-type=\"widget\" data-widget_type=\"image.default\">\n\t\t\t\t<div class=\"elementor-widget-container\">\n\t\t\t\t\t\t\t\t\t\t\t\t\t\t\t<img fetchpriority=\"high\" decoding=\"async\" width=\"1024\" height=\"698\" src=\"https:\/\/www.angstag.ch\/wp-content\/uploads\/2022\/01\/catering-e1605016231684.jpg\" class=\"attachment-large size-large wp-image-4033\" alt=\"\" srcset=\"https:\/\/www.angstag.ch\/wp-content\/uploads\/2022\/01\/catering-e1605016231684.jpg 1024w, https:\/\/www.angstag.ch\/wp-content\/uploads\/2022\/01\/catering-e1605016231684-300x204.jpg 300w, https:\/\/www.angstag.ch\/wp-content\/uploads\/2022\/01\/catering-e1605016231684-768x524.jpg 768w\" sizes=\"(max-width: 1024px) 100vw, 1024px\" \/>\t\t\t\t\t\t\t\t\t\t\t\t\t\t\t<\/div>\n\t\t\t\t<\/div>\n\t\t\t\t\t<\/div>\n\t\t<\/div>\n\t\t\t\t<div class=\"elementor-column elementor-col-50 elementor-top-column elementor-element elementor-element-476a493\" data-id=\"476a493\" data-element_type=\"column\" data-e-type=\"column\">\n\t\t\t<div class=\"elementor-widget-wrap elementor-element-populated\">\n\t\t\t\t\t\t<div class=\"elementor-element elementor-element-32af257 elementor-widget elementor-widget-image\" data-id=\"32af257\" data-element_type=\"widget\" data-e-type=\"widget\" data-widget_type=\"image.default\">\n\t\t\t\t<div class=\"elementor-widget-container\">\n\t\t\t\t\t\t\t\t\t\t\t\t\t\t\t<img decoding=\"async\" width=\"957\" height=\"1024\" src=\"https:\/\/www.angstag.ch\/wp-content\/uploads\/2022\/01\/5C6DC72D-0DF9-4DCF-A056-64F21D592C3D.jpg-e1596800410991-957x1024.jpeg\" class=\"attachment-large size-large wp-image-3997\" alt=\"\" srcset=\"https:\/\/www.angstag.ch\/wp-content\/uploads\/2022\/01\/5C6DC72D-0DF9-4DCF-A056-64F21D592C3D.jpg-e1596800410991-957x1024.jpeg 957w, https:\/\/www.angstag.ch\/wp-content\/uploads\/2022\/01\/5C6DC72D-0DF9-4DCF-A056-64F21D592C3D.jpg-e1596800410991-280x300.jpeg 280w, https:\/\/www.angstag.ch\/wp-content\/uploads\/2022\/01\/5C6DC72D-0DF9-4DCF-A056-64F21D592C3D.jpg-e1596800410991-768x822.jpeg 768w, https:\/\/www.angstag.ch\/wp-content\/uploads\/2022\/01\/5C6DC72D-0DF9-4DCF-A056-64F21D592C3D.jpg-e1596800410991.jpeg 1239w\" sizes=\"(max-width: 957px) 100vw, 957px\" \/>\t\t\t\t\t\t\t\t\t\t\t\t\t\t\t<\/div>\n\t\t\t\t<\/div>\n\t\t\t\t\t<\/div>\n\t\t<\/div>\n\t\t\t\t\t<\/div>\n\t\t<\/section>\n\t\t\t\t<section class=\"elementor-section elementor-top-section elementor-element elementor-element-608479b elementor-section-boxed elementor-section-height-default elementor-section-height-default\" data-id=\"608479b\" data-element_type=\"section\" data-e-type=\"section\">\n\t\t\t\t\t\t<div class=\"elementor-container elementor-column-gap-default\">\n\t\t\t\t\t<div class=\"elementor-column elementor-col-100 elementor-top-column elementor-element elementor-element-c358fbc\" data-id=\"c358fbc\" data-element_type=\"column\" data-e-type=\"column\">\n\t\t\t<div class=\"elementor-widget-wrap elementor-element-populated\">\n\t\t\t\t\t\t<div class=\"elementor-element elementor-element-fc4746b elementor-widget elementor-widget-text-editor\" data-id=\"fc4746b\" data-element_type=\"widget\" data-e-type=\"widget\" data-widget_type=\"text-editor.default\">\n\t\t\t\t<div class=\"elementor-widget-container\">\n\t\t\t\t\t\t\t\t\t<p><span style=\"color: #000000;\">Ob Sportveranstaltungen, Open Air-Festivals, Stadtfeste, Firmenanl\u00e4sse, Ap\u00e9ros oder private Feiern \u2013 unsere Grillmeister sind f\u00fcr Sie vor Ort. <\/span><span class=\"TextRun Highlight SCXO47655976 BCX0\" lang=\"DE-CH\" style=\"color: #000000;\" xml:lang=\"DE-CH\" data-contrast=\"none\"><span class=\"NormalTextRun SCXO47655976 BCX0\">Neben traditionellen Produkten wie Fleisch, W\u00fcrste, Burger und Spiesse bieten wir auch vegetarische und vegane Alternativen an oder bereiten Men\u00fcs nach Ihren W\u00fcnschen zu.<\/span><\/span><\/p>\t\t\t\t\t\t\t\t<\/div>\n\t\t\t\t<\/div>\n\t\t\t\t\t<\/div>\n\t\t<\/div>\n\t\t\t\t\t<\/div>\n\t\t<\/section>\n\t\t\t\t<section class=\"elementor-section elementor-top-section elementor-element elementor-element-06724c0 elementor-section-boxed elementor-section-height-default elementor-section-height-default\" data-id=\"06724c0\" data-element_type=\"section\" data-e-type=\"section\">\n\t\t\t\t\t\t<div class=\"elementor-container elementor-column-gap-default\">\n\t\t\t\t\t<div class=\"elementor-column elementor-col-100 elementor-top-column elementor-element elementor-element-fc08a01\" data-id=\"fc08a01\" data-element_type=\"column\" data-e-type=\"column\">\n\t\t\t<div class=\"elementor-widget-wrap elementor-element-populated\">\n\t\t\t\t\t\t<div class=\"elementor-element elementor-element-01c0d9f elementor-widget elementor-widget-spacer\" data-id=\"01c0d9f\" data-element_type=\"widget\" data-e-type=\"widget\" data-widget_type=\"spacer.default\">\n\t\t\t\t<div class=\"elementor-widget-container\">\n\t\t\t\t\t\t\t<div class=\"elementor-spacer\">\n\t\t\t<div class=\"elementor-spacer-inner\"><\/div>\n\t\t<\/div>\n\t\t\t\t\t\t<\/div>\n\t\t\t\t<\/div>\n\t\t\t\t\t<\/div>\n\t\t<\/div>\n\t\t\t\t\t<\/div>\n\t\t<\/section>\n\t\t\t\t<section class=\"elementor-section elementor-top-section elementor-element elementor-element-883bdc9 elementor-section-boxed elementor-section-height-default elementor-section-height-default\" data-id=\"883bdc9\" data-element_type=\"section\" data-e-type=\"section\">\n\t\t\t\t\t\t<div class=\"elementor-container elementor-column-gap-default\">\n\t\t\t\t\t<div class=\"elementor-column elementor-col-50 elementor-top-column elementor-element elementor-element-5555afc\" data-id=\"5555afc\" data-element_type=\"column\" data-e-type=\"column\">\n\t\t\t<div class=\"elementor-widget-wrap elementor-element-populated\">\n\t\t\t\t\t\t<div class=\"elementor-element elementor-element-d3b6632 elementor-invisible elementor-widget elementor-widget-heading\" data-id=\"d3b6632\" data-element_type=\"widget\" data-e-type=\"widget\" data-settings=\"{&quot;_animation&quot;:&quot;fadeIn&quot;}\" data-widget_type=\"heading.default\">\n\t\t\t\t<div class=\"elementor-widget-container\">\n\t\t\t\t\t<h2 class=\"elementor-heading-title elementor-size-default\">Jetzt unverbindlich eine Offerte verlangen<\/h2>\t\t\t\t<\/div>\n\t\t\t\t<\/div>\n\t\t\t\t<div class=\"elementor-element elementor-element-6355925 elementor-widget elementor-widget-text-editor\" data-id=\"6355925\" data-element_type=\"widget\" data-e-type=\"widget\" data-widget_type=\"text-editor.default\">\n\t\t\t\t<div class=\"elementor-widget-container\">\n\t\t\t\t\t\t\t\t\t<p><span style=\"color: #000000;\"><span class=\"TextRun SCXO144268078 BCX0\" lang=\"DE-CH\" xml:lang=\"DE-CH\" data-contrast=\"auto\"><span class=\"NormalTextRun SCXO144268078 BCX0\">Catering direkt vom Produzenten! <\/span><\/span><\/span><\/p><p><span style=\"color: #000000;\">Bitte vergessen Sie nicht das <strong>Event-Datum<\/strong>\u00a0und die\u00a0<strong>Anzahl der G\u00e4ste<\/strong>\u00a0anzugeben. Ben\u00f6tigen Sie auch\u00a0<strong>Gas-Grills<\/strong>,\u00a0<strong>Getr\u00e4nke<\/strong>,\u00a0<strong>Personal<\/strong>, ein\u00a0<strong>Zelt<\/strong>\u00a0oder einen\u00a0<strong>Verkaufs- oder K\u00fchlwagen<\/strong>? Je mehr Informationen, umso exakter k\u00f6nnen wir Ihre Offerte erstellen.<\/span><\/p><p><span style=\"color: #000000;\">\u00a0<\/span><\/p><p><span style=\"color: #000000;\">Sie erreichen uns unter folgenden Kontaktangaben:<\/span><\/p><p><span style=\"color: #000000;\">Tel: <a href=\"tel:+41 (0) 44 497 92 13\">+41 (0) 44 497 92 13<\/a><br \/>Email: <span style=\"text-decoration: underline;\"><a href=\"mailto:catering@angstag.ch\">catering@angstag.ch<\/a><\/span><\/span><\/p>\t\t\t\t\t\t\t\t<\/div>\n\t\t\t\t<\/div>\n\t\t\t\t\t<\/div>\n\t\t<\/div>\n\t\t\t\t<div class=\"elementor-column elementor-col-50 elementor-top-column elementor-element elementor-element-6153477\" data-id=\"6153477\" data-element_type=\"column\" data-e-type=\"column\">\n\t\t\t<div class=\"elementor-widget-wrap elementor-element-populated\">\n\t\t\t\t\t\t<div class=\"elementor-element elementor-element-e693c2d elementor-widget elementor-widget-wp-widget-wpforms-widget\" data-id=\"e693c2d\" data-element_type=\"widget\" data-e-type=\"widget\" data-widget_type=\"wp-widget-wpforms-widget.default\">\n\t\t\t\t<div class=\"elementor-widget-container\">\n\t\t\t\t\t<h5>Kontaktformular Catering<\/h5><div class=\"wpforms-container wpforms-container-full\" id=\"wpforms-372\"><form id=\"wpforms-form-372\" class=\"wpforms-validate wpforms-form\" data-formid=\"372\" method=\"post\" enctype=\"multipart\/form-data\" action=\"\/index.php\/wp-json\/wp\/v2\/pages\/25\" data-token=\"bc508d44c6f31381d8bed2660eb862c2\" data-token-time=\"1776846147\"><noscript class=\"wpforms-error-noscript\">Bitte aktiviere JavaScript in deinem Browser, um dieses Formular fertigzustellen.<\/noscript><div class=\"wpforms-field-container\"><div id=\"wpforms-372-field_1-container\" class=\"wpforms-field wpforms-field-name\" data-field-id=\"1\"><label class=\"wpforms-field-label\">Name <span class=\"wpforms-required-label\">*<\/span><\/label><div class=\"wpforms-field-row wpforms-field-medium\"><div class=\"wpforms-field-row-block wpforms-first wpforms-one-half\"><input type=\"text\" id=\"wpforms-372-field_1\" class=\"wpforms-field-name-first wpforms-field-required\" name=\"wpforms[fields][1][first]\" required><label for=\"wpforms-372-field_1\" class=\"wpforms-field-sublabel after\">Vorname<\/label><\/div><div class=\"wpforms-field-row-block wpforms-one-half\"><input type=\"text\" id=\"wpforms-372-field_1-last\" class=\"wpforms-field-name-last wpforms-field-required\" name=\"wpforms[fields][1][last]\" required><label for=\"wpforms-372-field_1-last\" class=\"wpforms-field-sublabel after\">Nachname<\/label><\/div><\/div><\/div><div id=\"wpforms-372-field_2-container\" class=\"wpforms-field wpforms-field-email\" data-field-id=\"2\"><label class=\"wpforms-field-label\" for=\"wpforms-372-field_2\">E-Mail <span class=\"wpforms-required-label\">*<\/span><\/label><input type=\"email\" id=\"wpforms-372-field_2\" class=\"wpforms-field-medium wpforms-field-required\" name=\"wpforms[fields][2]\" spellcheck=\"false\" required><\/div><div id=\"wpforms-372-field_8-container\" class=\"wpforms-field wpforms-field-text\" data-field-id=\"8\"><label class=\"wpforms-field-label\" for=\"wpforms-372-field_8\">Telefonnummer <span class=\"wpforms-required-label\">*<\/span><\/label><input type=\"text\" id=\"wpforms-372-field_8\" class=\"wpforms-field-medium wpforms-field-required\" name=\"wpforms[fields][8]\" required><\/div><div id=\"wpforms-372-field_3-container\" class=\"wpforms-field wpforms-field-text\" data-field-id=\"3\"><label class=\"wpforms-field-label\" for=\"wpforms-372-field_3\">Firma <\/label><input type=\"text\" id=\"wpforms-372-field_3\" class=\"wpforms-field-medium\" name=\"wpforms[fields][3]\" ><\/div><div id=\"wpforms-372-field_11-container\" class=\"wpforms-field wpforms-field-text\" data-field-id=\"11\"><label class=\"wpforms-field-label\" for=\"wpforms-372-field_11\">Adresse <span class=\"wpforms-required-label\">*<\/span><\/label><input type=\"text\" id=\"wpforms-372-field_11\" class=\"wpforms-field-medium wpforms-field-required\" name=\"wpforms[fields][11]\" required><div class=\"wpforms-field-description\">Strasse, Hausnummer, PLZ, Ort<\/div><\/div><div id=\"wpforms-372-field_4-container\" class=\"wpforms-field wpforms-field-text\" data-field-id=\"4\"><label class=\"wpforms-field-label\" for=\"wpforms-372-field_4\">Datum der Veranstaltung <span class=\"wpforms-required-label\">*<\/span><\/label><input type=\"text\" id=\"wpforms-372-field_4\" class=\"wpforms-field-medium wpforms-field-required\" name=\"wpforms[fields][4]\" required><\/div><div id=\"wpforms-372-field_12-container\" class=\"wpforms-field wpforms-field-text\" data-field-id=\"12\"><label class=\"wpforms-field-label\" for=\"wpforms-372-field_12\">Ort der Veranstaltung <span class=\"wpforms-required-label\">*<\/span><\/label><input type=\"text\" id=\"wpforms-372-field_12\" class=\"wpforms-field-medium wpforms-field-required\" name=\"wpforms[fields][12]\" required><div class=\"wpforms-field-description\">Strasse, Hausnummer, PLZ, Ort<\/div><\/div><div id=\"wpforms-372-field_9-container\" class=\"wpforms-field wpforms-field-text\" data-field-id=\"9\"><label class=\"wpforms-field-label\" for=\"wpforms-372-field_9\">Tageszeit <span class=\"wpforms-required-label\">*<\/span><\/label><input type=\"text\" id=\"wpforms-372-field_9\" class=\"wpforms-field-medium wpforms-field-required\" name=\"wpforms[fields][9]\" required><div class=\"wpforms-field-description\">von - bis<\/div><\/div><div id=\"wpforms-372-field_6-container\" class=\"wpforms-field wpforms-field-text\" data-field-id=\"6\"><label class=\"wpforms-field-label\" for=\"wpforms-372-field_6\">Anzahl der G\u00e4ste <span class=\"wpforms-required-label\">*<\/span><\/label><input type=\"text\" id=\"wpforms-372-field_6\" class=\"wpforms-field-medium wpforms-field-required\" name=\"wpforms[fields][6]\" required><\/div><div id=\"wpforms-372-field_10-container\" class=\"wpforms-field wpforms-field-select wpforms-field-select-style-modern\" data-field-id=\"10\"><label class=\"wpforms-field-label\" for=\"wpforms-372-field_10\">Lieferung oder Abholung <span class=\"wpforms-required-label\">*<\/span><\/label><select id=\"wpforms-372-field_10\" class=\"wpforms-field-medium wpforms-field-required choicesjs-select\" data-size-class=\"wpforms-field-row wpforms-field-medium\" data-search-enabled=\"\" name=\"wpforms[fields][10]\" required=\"required\"><option value=\"\" class=\"placeholder\" disabled  selected='selected'><\/option><option value=\"Lieferung\"  class=\"choice-1 depth-1\"  >Lieferung<\/option><option value=\"Abholung\"  class=\"choice-2 depth-1\"  >Abholung<\/option><\/select><\/div><div id=\"wpforms-372-field_13-container\" class=\"wpforms-field wpforms-field-select wpforms-field-select-style-modern\" data-field-id=\"13\"><label class=\"wpforms-field-label\" for=\"wpforms-372-field_13\">Sie ben\u00f6tigen:<\/label><select id=\"wpforms-372-field_13\" class=\"wpforms-field-medium choicesjs-select\" data-size-class=\"wpforms-field-row wpforms-field-medium\" data-search-enabled=\"1\" name=\"wpforms[fields][13][]\" multiple=\"multiple\"><option value=\"\" class=\"placeholder\" disabled ><\/option><option value=\"Grill\"  class=\"choice-1 depth-1\"  >Grill<\/option><option value=\"Gas\"  class=\"choice-2 depth-1\"  >Gas<\/option><option value=\"Grilleur\"  class=\"choice-3 depth-1\"  >Grilleur<\/option><option value=\"Zelt\"  class=\"choice-8 depth-1\"  >Zelt<\/option><option value=\"Wurstwaren\"  class=\"choice-9 depth-1\"  >Wurstwaren<\/option><option value=\"Burger\"  class=\"choice-7 depth-1\"  >Burger<\/option><option value=\"Fleisch\"  class=\"choice-6 depth-1\"  >Fleisch<\/option><option value=\"Vegetarisch\"  class=\"choice-5 depth-1\"  >Vegetarisch<\/option><option value=\"B\u00fcrli\"  class=\"choice-13 depth-1\"  >B\u00fcrli<\/option><option value=\"Hamburger Buns\"  class=\"choice-12 depth-1\"  >Hamburger Buns<\/option><option value=\"Getr\u00e4nke\"  class=\"choice-11 depth-1\"  >Getr\u00e4nke<\/option><option value=\"Geschirr\/Besteck\"  class=\"choice-10 depth-1\"  >Geschirr\/Besteck<\/option><option value=\"Gl\u00e4ser\"  class=\"choice-14 depth-1\"  >Gl\u00e4ser<\/option><option value=\"Beilagen\"  class=\"choice-15 depth-1\"  >Beilagen<\/option><option value=\"Salatbuffet\"  class=\"choice-16 depth-1\"  >Salatbuffet<\/option><\/select><div class=\"wpforms-field-description\">Was wird f\u00fcr Ihre Veranstaltung ben\u00f6tigt?<\/div><\/div><div id=\"wpforms-372-field_7-container\" class=\"wpforms-field wpforms-field-textarea\" data-field-id=\"7\"><label class=\"wpforms-field-label\" for=\"wpforms-372-field_7\">Ihre Nachricht<\/label><textarea id=\"wpforms-372-field_7\" class=\"wpforms-field-medium\" name=\"wpforms[fields][7]\" ><\/textarea><div class=\"wpforms-field-description\">Bitte schreiben Sie uns Einzelheiten \u00fcber Ihre geplante Veranstaltung, sodass wir Ihnen eine passende Offerte senden k\u00f6nnen<\/div><\/div><\/div><!-- .wpforms-field-container --><div class=\"wpforms-field wpforms-field-hp\"><label for=\"wpforms-372-field-hp\" class=\"wpforms-field-label\">Name<\/label><input type=\"text\" name=\"wpforms[hp]\" id=\"wpforms-372-field-hp\" class=\"wpforms-field-medium\"><\/div><div class=\"wpforms-recaptcha-container wpforms-is-recaptcha wpforms-is-recaptcha-type-v2\" ><div class=\"g-recaptcha\" data-sitekey=\"6LfwuGUeAAAAAKv5LXhP8xUWA9qVMVG-o2hjBvMR\"><\/div><input type=\"text\" name=\"g-recaptcha-hidden\" class=\"wpforms-recaptcha-hidden\" style=\"position:absolute!important;clip:rect(0,0,0,0)!important;height:1px!important;width:1px!important;border:0!important;overflow:hidden!important;padding:0!important;margin:0!important;\" data-rule-recaptcha=\"1\"><\/div><div class=\"wpforms-submit-container\" ><input type=\"hidden\" name=\"wpforms[id]\" value=\"372\"><input type=\"hidden\" name=\"page_title\" value=\"\"><input type=\"hidden\" name=\"page_url\" value=\"https:\/\/www.angstag.ch\/index.php\/wp-json\/wp\/v2\/pages\/25\"><input type=\"hidden\" name=\"url_referer\" value=\"\"><button type=\"submit\" name=\"wpforms[submit]\" id=\"wpforms-submit-372\" class=\"wpforms-submit\" data-alt-text=\"Senden...\" data-submit-text=\"Absenden\" aria-live=\"assertive\" value=\"wpforms-submit\">Absenden<\/button><\/div><\/form><\/div>  <!-- .wpforms-container -->\t\t\t\t<\/div>\n\t\t\t\t<\/div>\n\t\t\t\t\t<\/div>\n\t\t<\/div>\n\t\t\t\t\t<\/div>\n\t\t<\/section>\n\t\t\t\t<section class=\"elementor-section elementor-top-section elementor-element elementor-element-81e29e9 elementor-section-boxed elementor-section-height-default elementor-section-height-default\" data-id=\"81e29e9\" data-element_type=\"section\" data-e-type=\"section\">\n\t\t\t\t\t\t<div class=\"elementor-container elementor-column-gap-default\">\n\t\t\t\t\t<div class=\"elementor-column elementor-col-100 elementor-top-column elementor-element elementor-element-c5cd21a\" data-id=\"c5cd21a\" data-element_type=\"column\" data-e-type=\"column\">\n\t\t\t<div class=\"elementor-widget-wrap elementor-element-populated\">\n\t\t\t\t\t\t<div class=\"elementor-element elementor-element-f499416 elementor-widget elementor-widget-spacer\" data-id=\"f499416\" data-element_type=\"widget\" data-e-type=\"widget\" data-widget_type=\"spacer.default\">\n\t\t\t\t<div class=\"elementor-widget-container\">\n\t\t\t\t\t\t\t<div class=\"elementor-spacer\">\n\t\t\t<div class=\"elementor-spacer-inner\"><\/div>\n\t\t<\/div>\n\t\t\t\t\t\t<\/div>\n\t\t\t\t<\/div>\n\t\t\t\t\t<\/div>\n\t\t<\/div>\n\t\t\t\t\t<\/div>\n\t\t<\/section>\n\t\t\t\t<\/div>\n\t\t","protected":false},"excerpt":{"rendered":"<p>Catering Ob Sportveranstaltungen, Open Air-Festivals, Stadtfeste, Firmenanl\u00e4sse, Ap\u00e9ros oder private Feiern \u2013 unsere Grillmeister sind f\u00fcr Sie vor Ort. Neben traditionellen Produkten wie Fleisch, W\u00fcrste, Burger und Spiesse bieten wir auch vegetarische und vegane Alternativen an oder bereiten Men\u00fcs nach Ihren W\u00fcnschen zu. Jetzt unverbindlich eine Offerte verlangen Catering direkt vom Produzenten! Bitte vergessen Sie&hellip;&nbsp;<a href=\"https:\/\/www.angstag.ch\/index.php\/catering\/\" rel=\"bookmark\">Weiterlesen &raquo;<span class=\"screen-reader-text\">Catering<\/span><\/a><\/p>\n","protected":false},"author":3,"featured_media":0,"parent":0,"menu_order":0,"comment_status":"closed","ping_status":"closed","template":"","meta":{"neve_meta_sidebar":"","neve_meta_container":"","neve_meta_enable_content_width":"off","neve_meta_content_width":0,"neve_meta_title_alignment":"","neve_meta_author_avatar":"","neve_post_elements_order":"","neve_meta_disable_header":"","neve_meta_disable_footer":"","neve_meta_disable_title":"on","footnotes":""},"class_list":["post-25","page","type-page","status-publish","hentry"],"_links":{"self":[{"href":"https:\/\/www.angstag.ch\/index.php\/wp-json\/wp\/v2\/pages\/25","targetHints":{"allow":["GET"]}}],"collection":[{"href":"https:\/\/www.angstag.ch\/index.php\/wp-json\/wp\/v2\/pages"}],"about":[{"href":"https:\/\/www.angstag.ch\/index.php\/wp-json\/wp\/v2\/types\/page"}],"author":[{"embeddable":true,"href":"https:\/\/www.angstag.ch\/index.php\/wp-json\/wp\/v2\/users\/3"}],"replies":[{"embeddable":true,"href":"https:\/\/www.angstag.ch\/index.php\/wp-json\/wp\/v2\/comments?post=25"}],"version-history":[{"count":6,"href":"https:\/\/www.angstag.ch\/index.php\/wp-json\/wp\/v2\/pages\/25\/revisions"}],"predecessor-version":[{"id":5056,"href":"https:\/\/www.angstag.ch\/index.php\/wp-json\/wp\/v2\/pages\/25\/revisions\/5056"}],"wp:attachment":[{"href":"https:\/\/www.angstag.ch\/index.php\/wp-json\/wp\/v2\/media?parent=25"}],"curies":[{"name":"wp","href":"https:\/\/api.w.org\/{rel}","templated":true}]}}