{"id":29,"date":"2020-07-31T13:35:40","date_gmt":"2020-07-31T13:35:40","guid":{"rendered":"https:\/\/www.angstag.ch\/?page_id=29"},"modified":"2022-05-03T13:59:54","modified_gmt":"2022-05-03T13:59:54","slug":"produktentwicklung","status":"publish","type":"page","link":"https:\/\/www.angstag.ch\/index.php\/produktentwicklung\/","title":{"rendered":"Produktentwicklung"},"content":{"rendered":"\t\t<div data-elementor-type=\"wp-page\" data-elementor-id=\"29\" class=\"elementor elementor-29\" data-elementor-post-type=\"page\">\n\t\t\t\t\t\t<section class=\"elementor-section elementor-top-section elementor-element elementor-element-fa81048 elementor-section-full_width elementor-section-height-default elementor-section-height-default\" data-id=\"fa81048\" data-element_type=\"section\" data-e-type=\"section\" data-settings=\"{&quot;background_background&quot;:&quot;classic&quot;,&quot;sticky&quot;:&quot;top&quot;,&quot;sticky_on&quot;:[&quot;desktop&quot;,&quot;tablet&quot;,&quot;mobile&quot;],&quot;sticky_offset&quot;:0,&quot;sticky_effects_offset&quot;:0}\">\n\t\t\t\t\t\t<div class=\"elementor-container elementor-column-gap-default\">\n\t\t\t\t\t<div class=\"elementor-column elementor-col-100 elementor-top-column elementor-element elementor-element-16286ca\" data-id=\"16286ca\" data-element_type=\"column\" data-e-type=\"column\">\n\t\t\t<div class=\"elementor-widget-wrap elementor-element-populated\">\n\t\t\t\t\t\t<div class=\"elementor-element elementor-element-dea044d elementor-widget elementor-widget-spacer\" data-id=\"dea044d\" data-element_type=\"widget\" data-e-type=\"widget\" data-widget_type=\"spacer.default\">\n\t\t\t\t<div class=\"elementor-widget-container\">\n\t\t\t\t\t\t\t<div class=\"elementor-spacer\">\n\t\t\t<div class=\"elementor-spacer-inner\"><\/div>\n\t\t<\/div>\n\t\t\t\t\t\t<\/div>\n\t\t\t\t<\/div>\n\t\t\t\t<div class=\"elementor-element elementor-element-35774e8 elementor-widget elementor-widget-heading\" data-id=\"35774e8\" data-element_type=\"widget\" data-e-type=\"widget\" data-widget_type=\"heading.default\">\n\t\t\t\t<div class=\"elementor-widget-container\">\n\t\t\t\t\t<h2 class=\"elementor-heading-title elementor-size-default\">Produktentwicklung<\/h2>\t\t\t\t<\/div>\n\t\t\t\t<\/div>\n\t\t\t\t<div class=\"elementor-element elementor-element-fa118cb elementor-widget elementor-widget-spacer\" data-id=\"fa118cb\" data-element_type=\"widget\" data-e-type=\"widget\" data-widget_type=\"spacer.default\">\n\t\t\t\t<div class=\"elementor-widget-container\">\n\t\t\t\t\t\t\t<div class=\"elementor-spacer\">\n\t\t\t<div class=\"elementor-spacer-inner\"><\/div>\n\t\t<\/div>\n\t\t\t\t\t\t<\/div>\n\t\t\t\t<\/div>\n\t\t\t\t\t<\/div>\n\t\t<\/div>\n\t\t\t\t\t<\/div>\n\t\t<\/section>\n\t\t\t\t<section class=\"elementor-section elementor-top-section elementor-element elementor-element-04132dc elementor-section-boxed elementor-section-height-default elementor-section-height-default\" data-id=\"04132dc\" data-element_type=\"section\" data-e-type=\"section\">\n\t\t\t\t\t\t<div class=\"elementor-container elementor-column-gap-default\">\n\t\t\t\t\t<div class=\"elementor-column elementor-col-100 elementor-top-column elementor-element elementor-element-d41c216\" data-id=\"d41c216\" data-element_type=\"column\" data-e-type=\"column\">\n\t\t\t<div class=\"elementor-widget-wrap elementor-element-populated\">\n\t\t\t\t\t\t<div class=\"elementor-element elementor-element-95fa952 elementor-widget elementor-widget-spacer\" data-id=\"95fa952\" data-element_type=\"widget\" data-e-type=\"widget\" data-widget_type=\"spacer.default\">\n\t\t\t\t<div class=\"elementor-widget-container\">\n\t\t\t\t\t\t\t<div class=\"elementor-spacer\">\n\t\t\t<div class=\"elementor-spacer-inner\"><\/div>\n\t\t<\/div>\n\t\t\t\t\t\t<\/div>\n\t\t\t\t<\/div>\n\t\t\t\t\t<\/div>\n\t\t<\/div>\n\t\t\t\t\t<\/div>\n\t\t<\/section>\n\t\t\t\t<section class=\"elementor-section elementor-top-section elementor-element elementor-element-bb678b0 elementor-section-full_width elementor-section-height-default elementor-section-height-default\" data-id=\"bb678b0\" data-element_type=\"section\" data-e-type=\"section\">\n\t\t\t\t\t\t<div class=\"elementor-container elementor-column-gap-default\">\n\t\t\t\t\t<div class=\"elementor-column elementor-col-50 elementor-top-column elementor-element elementor-element-e457b6a\" data-id=\"e457b6a\" data-element_type=\"column\" data-e-type=\"column\">\n\t\t\t<div class=\"elementor-widget-wrap elementor-element-populated\">\n\t\t\t\t\t\t<div class=\"elementor-element elementor-element-c925d1c elementor-widget elementor-widget-text-editor\" data-id=\"c925d1c\" data-element_type=\"widget\" data-e-type=\"widget\" data-widget_type=\"text-editor.default\">\n\t\t\t\t<div class=\"elementor-widget-container\">\n\t\t\t\t\t\t\t\t\t<p><span style=\"color: #000000;\">Haben Sie eine Idee oder Vision und suchen Sie nach einer Umsetzungsl\u00f6sung? <span class=\"TextRun Highlight SCXO103642830 BCX0\" lang=\"DE-CH\" xml:lang=\"DE-CH\" data-contrast=\"none\"><span class=\"NormalTextRun SCXO103642830 BCX0\">\u00a0Nutzen Sie bei der Entwicklung Ihrer Lebensmittel unsere vielseitigen und einzigartigen Technologien und unsere langj\u00e4hrige Erfahrung in der Lebensmittelproduktion.<\/span><\/span><span class=\"EOP SCXO103642830 BCX0\">\u00a0<\/span><\/span><\/p><p><span style=\"color: #000000;\">Wir beraten Sie gerne bei Entscheidungen zur Rohstoffauswahl, <span class=\"TextRun Highlight SCXO56503142 BCX0\" lang=\"DE-CH\" xml:lang=\"DE-CH\" data-contrast=\"none\"><span class=\"NormalTextRun SCXO56503142 BCX0\">unterst\u00fctzen Sie bei der Umsetzung von Rezepturen und planen Verarbeitung sowie Verpackung zusammen mit Ihnen.<\/span><\/span><span class=\"EOP SCXO56503142 BCX0\"> Melden Sie sich bei uns, per Telefon unter <span style=\"text-decoration: underline;\"><a href=\"tel:+41 44 497 95 01\">+41 44 497 95 01<\/a><\/span> oder per Mail an <a href=\"mailto:entwicklung@angstag.ch\"><span style=\"text-decoration: underline;\">entwicklung@angstag.ch<\/span>.<\/a> <br \/><\/span><\/span><\/p>\t\t\t\t\t\t\t\t<\/div>\n\t\t\t\t<\/div>\n\t\t\t\t<section class=\"elementor-section elementor-inner-section elementor-element elementor-element-7cedd4c elementor-section-boxed elementor-section-height-default elementor-section-height-default\" data-id=\"7cedd4c\" data-element_type=\"section\" data-e-type=\"section\">\n\t\t\t\t\t\t<div class=\"elementor-container elementor-column-gap-default\">\n\t\t\t\t\t<div class=\"elementor-column elementor-col-33 elementor-inner-column elementor-element elementor-element-32912b4\" data-id=\"32912b4\" data-element_type=\"column\" data-e-type=\"column\">\n\t\t\t<div class=\"elementor-widget-wrap\">\n\t\t\t\t\t\t\t<\/div>\n\t\t<\/div>\n\t\t\t\t<div class=\"elementor-column elementor-col-33 elementor-inner-column elementor-element elementor-element-1541f21\" data-id=\"1541f21\" data-element_type=\"column\" data-e-type=\"column\">\n\t\t\t<div class=\"elementor-widget-wrap elementor-element-populated\">\n\t\t\t\t\t\t<div class=\"elementor-element elementor-element-6d57119 elementor-widget elementor-widget-image\" data-id=\"6d57119\" data-element_type=\"widget\" data-e-type=\"widget\" data-widget_type=\"image.default\">\n\t\t\t\t<div class=\"elementor-widget-container\">\n\t\t\t\t\t\t\t\t\t\t\t\t\t\t\t<img decoding=\"async\" src=\"https:\/\/www.angstag.ch\/wp-content\/uploads\/elementor\/thumbs\/Angst_AG-pjmwl6aiub26im02dpey51bdu11rodkxggijevlimg.png\" title=\"Angst_AG\" alt=\"Angst_AG\" loading=\"lazy\" \/>\t\t\t\t\t\t\t\t\t\t\t\t\t\t\t<\/div>\n\t\t\t\t<\/div>\n\t\t\t\t\t<\/div>\n\t\t<\/div>\n\t\t\t\t<div class=\"elementor-column elementor-col-33 elementor-inner-column elementor-element elementor-element-dd089e0\" data-id=\"dd089e0\" data-element_type=\"column\" data-e-type=\"column\">\n\t\t\t<div class=\"elementor-widget-wrap\">\n\t\t\t\t\t\t\t<\/div>\n\t\t<\/div>\n\t\t\t\t\t<\/div>\n\t\t<\/section>\n\t\t\t\t\t<\/div>\n\t\t<\/div>\n\t\t\t\t<div class=\"elementor-column elementor-col-50 elementor-top-column elementor-element elementor-element-09341f6\" data-id=\"09341f6\" data-element_type=\"column\" data-e-type=\"column\">\n\t\t\t<div class=\"elementor-widget-wrap elementor-element-populated\">\n\t\t\t\t\t\t<div class=\"elementor-element elementor-element-e1e0bc5 elementor-widget elementor-widget-image\" data-id=\"e1e0bc5\" data-element_type=\"widget\" data-e-type=\"widget\" data-widget_type=\"image.default\">\n\t\t\t\t<div class=\"elementor-widget-container\">\n\t\t\t\t\t\t\t\t\t\t\t\t\t\t\t<img decoding=\"async\" src=\"https:\/\/www.angstag.ch\/wp-content\/uploads\/2022\/01\/Entwicklung_58A4144-scaled-e1604670626243.jpg\" title=\"Entwicklung_58A4144-scaled-e1604670626243\" alt=\"Entwicklung_58A4144-scaled-e1604670626243\" loading=\"lazy\" \/>\t\t\t\t\t\t\t\t\t\t\t\t\t\t\t<\/div>\n\t\t\t\t<\/div>\n\t\t\t\t\t<\/div>\n\t\t<\/div>\n\t\t\t\t\t<\/div>\n\t\t<\/section>\n\t\t\t\t<section class=\"elementor-section elementor-top-section elementor-element elementor-element-2513472 elementor-section-boxed elementor-section-height-default elementor-section-height-default elementor-invisible\" data-id=\"2513472\" data-element_type=\"section\" data-e-type=\"section\" data-settings=\"{&quot;animation&quot;:&quot;fadeIn&quot;}\">\n\t\t\t\t\t\t<div class=\"elementor-container elementor-column-gap-default\">\n\t\t\t\t\t<div class=\"elementor-column elementor-col-100 elementor-top-column elementor-element elementor-element-90c7dda\" data-id=\"90c7dda\" data-element_type=\"column\" data-e-type=\"column\">\n\t\t\t<div class=\"elementor-widget-wrap elementor-element-populated\">\n\t\t\t\t\t\t<div class=\"elementor-element elementor-element-517a55c elementor-invisible elementor-widget elementor-widget-heading\" data-id=\"517a55c\" data-element_type=\"widget\" data-e-type=\"widget\" data-settings=\"{&quot;_animation&quot;:&quot;fadeIn&quot;}\" data-widget_type=\"heading.default\">\n\t\t\t\t<div class=\"elementor-widget-container\">\n\t\t\t\t\t<h2 class=\"elementor-heading-title elementor-size-default\">kundenspezifische Produktentwicklungen<\/h2>\t\t\t\t<\/div>\n\t\t\t\t<\/div>\n\t\t\t\t\t<\/div>\n\t\t<\/div>\n\t\t\t\t\t<\/div>\n\t\t<\/section>\n\t\t\t\t<section class=\"elementor-section elementor-top-section elementor-element elementor-element-05ee72c elementor-section-full_width elementor-section-height-default elementor-section-height-default\" data-id=\"05ee72c\" data-element_type=\"section\" data-e-type=\"section\">\n\t\t\t\t\t\t<div class=\"elementor-container elementor-column-gap-default\">\n\t\t\t\t\t<div class=\"elementor-column elementor-col-33 elementor-top-column elementor-element elementor-element-8a77551\" data-id=\"8a77551\" data-element_type=\"column\" data-e-type=\"column\">\n\t\t\t<div class=\"elementor-widget-wrap elementor-element-populated\">\n\t\t\t\t\t\t<div class=\"elementor-element elementor-element-bf85290 elementor-widget elementor-widget-image\" data-id=\"bf85290\" data-element_type=\"widget\" data-e-type=\"widget\" data-widget_type=\"image.default\">\n\t\t\t\t<div class=\"elementor-widget-container\">\n\t\t\t\t\t\t\t\t\t\t\t\t<figure class=\"wp-caption\">\n\t\t\t\t\t\t\t\t\t\t<img decoding=\"async\" src=\"https:\/\/www.angstag.ch\/wp-content\/uploads\/elementor\/thumbs\/02180-12325-Schweins-Filet-im-Teig-1280x800-150dpi-e1598277133182-pjmwi0k4wzo5dbmw0xpv7rjhl50x9o4qwlb4ni5rrc.jpg\" title=\"02180-12325-Schweins-Filet-im-Teig-1280&#215;800-150dpi-e1598277133182\" alt=\"02180-12325-Schweins-Filet-im-Teig-1280x800-150dpi-e1598277133182\" loading=\"lazy\" \/>\t\t\t\t\t\t\t\t\t\t\t<figcaption class=\"widget-image-caption wp-caption-text\"><\/figcaption>\n\t\t\t\t\t\t\t\t\t\t<\/figure>\n\t\t\t\t\t\t\t\t\t<\/div>\n\t\t\t\t<\/div>\n\t\t\t\t\t<\/div>\n\t\t<\/div>\n\t\t\t\t<div class=\"elementor-column elementor-col-33 elementor-top-column elementor-element elementor-element-c22f9c9\" data-id=\"c22f9c9\" data-element_type=\"column\" data-e-type=\"column\">\n\t\t\t<div class=\"elementor-widget-wrap elementor-element-populated\">\n\t\t\t\t\t\t<div class=\"elementor-element elementor-element-d3adb5f elementor-widget elementor-widget-image\" data-id=\"d3adb5f\" data-element_type=\"widget\" data-e-type=\"widget\" data-widget_type=\"image.default\">\n\t\t\t\t<div class=\"elementor-widget-container\">\n\t\t\t\t\t\t\t\t\t\t\t\t<figure class=\"wp-caption\">\n\t\t\t\t\t\t\t\t\t\t<img decoding=\"async\" src=\"https:\/\/www.angstag.ch\/wp-content\/uploads\/elementor\/thumbs\/25181-Pulled-Pork-CH-mit-Jus-Beutel-a-1.5kg-TK-kg-1280x800-150dpi-e1598277551281-pjmwk1vjq2giiwoe4term91fx6zjy27t6o7033529q.jpg\" title=\"25181-Pulled-Pork-CH-mit-Jus-Beutel-\u00e0-1.5kg-TK-kg-1280&#215;800-150dpi-e1598277551281\" alt=\"25181-Pulled-Pork-CH-mit-Jus-Beutel-\u00e0-1.5kg-TK-kg-1280x800-150dpi-e1598277551281\" loading=\"lazy\" \/>\t\t\t\t\t\t\t\t\t\t\t<figcaption class=\"widget-image-caption wp-caption-text\">Pulled Pork mit Jus<\/figcaption>\n\t\t\t\t\t\t\t\t\t\t<\/figure>\n\t\t\t\t\t\t\t\t\t<\/div>\n\t\t\t\t<\/div>\n\t\t\t\t\t<\/div>\n\t\t<\/div>\n\t\t\t\t<div class=\"elementor-column elementor-col-33 elementor-top-column elementor-element elementor-element-fe3c576\" data-id=\"fe3c576\" data-element_type=\"column\" data-e-type=\"column\">\n\t\t\t<div class=\"elementor-widget-wrap elementor-element-populated\">\n\t\t\t\t\t\t<div class=\"elementor-element elementor-element-af015c5 elementor-widget elementor-widget-image\" data-id=\"af015c5\" data-element_type=\"widget\" data-e-type=\"widget\" data-widget_type=\"image.default\">\n\t\t\t\t<div class=\"elementor-widget-container\">\n\t\t\t\t\t\t\t\t\t\t\t\t<figure class=\"wp-caption\">\n\t\t\t\t\t\t\t\t\t\t<img decoding=\"async\" src=\"https:\/\/www.angstag.ch\/wp-content\/uploads\/elementor\/thumbs\/xxxx_Pure-Plant-Burger-Lauch-e1598277360180-pjmwvo5q7cd41dstac7qxthk9npw3dcd46i2n7wvcu.jpg\" title=\"xxxx_Pure-Plant-Burger-Lauch-e1598277360180\" alt=\"xxxx_Pure-Plant-Burger-Lauch-e1598277360180\" loading=\"lazy\" \/>\t\t\t\t\t\t\t\t\t\t\t<figcaption class=\"widget-image-caption wp-caption-text\">Vegi Pure Plant-Burger mit Lauch<\/figcaption>\n\t\t\t\t\t\t\t\t\t\t<\/figure>\n\t\t\t\t\t\t\t\t\t<\/div>\n\t\t\t\t<\/div>\n\t\t\t\t\t<\/div>\n\t\t<\/div>\n\t\t\t\t\t<\/div>\n\t\t<\/section>\n\t\t\t\t<section class=\"elementor-section elementor-top-section elementor-element elementor-element-49ba3cd elementor-section-boxed elementor-section-height-default elementor-section-height-default\" data-id=\"49ba3cd\" data-element_type=\"section\" data-e-type=\"section\">\n\t\t\t\t\t\t<div class=\"elementor-container elementor-column-gap-default\">\n\t\t\t\t\t<div class=\"elementor-column elementor-col-50 elementor-top-column elementor-element elementor-element-31953eb\" data-id=\"31953eb\" data-element_type=\"column\" data-e-type=\"column\">\n\t\t\t<div class=\"elementor-widget-wrap elementor-element-populated\">\n\t\t\t\t\t\t<div class=\"elementor-element elementor-element-002e321 elementor-widget elementor-widget-spacer\" data-id=\"002e321\" data-element_type=\"widget\" data-e-type=\"widget\" data-widget_type=\"spacer.default\">\n\t\t\t\t<div class=\"elementor-widget-container\">\n\t\t\t\t\t\t\t<div class=\"elementor-spacer\">\n\t\t\t<div class=\"elementor-spacer-inner\"><\/div>\n\t\t<\/div>\n\t\t\t\t\t\t<\/div>\n\t\t\t\t<\/div>\n\t\t\t\t\t<\/div>\n\t\t<\/div>\n\t\t\t\t<div class=\"elementor-column elementor-col-50 elementor-top-column elementor-element elementor-element-3e06b48\" data-id=\"3e06b48\" data-element_type=\"column\" data-e-type=\"column\">\n\t\t\t<div class=\"elementor-widget-wrap\">\n\t\t\t\t\t\t\t<\/div>\n\t\t<\/div>\n\t\t\t\t\t<\/div>\n\t\t<\/section>\n\t\t\t\t<section class=\"elementor-section elementor-top-section elementor-element elementor-element-25622ee elementor-section-full_width elementor-section-height-default elementor-section-height-default\" data-id=\"25622ee\" data-element_type=\"section\" data-e-type=\"section\">\n\t\t\t\t\t\t<div class=\"elementor-container elementor-column-gap-default\">\n\t\t\t\t\t<div class=\"elementor-column elementor-col-50 elementor-top-column elementor-element elementor-element-9de9e1d\" data-id=\"9de9e1d\" data-element_type=\"column\" data-e-type=\"column\">\n\t\t\t<div class=\"elementor-widget-wrap elementor-element-populated\">\n\t\t\t\t\t\t<div class=\"elementor-element elementor-element-a169323 elementor-widget elementor-widget-image\" data-id=\"a169323\" data-element_type=\"widget\" data-e-type=\"widget\" data-widget_type=\"image.default\">\n\t\t\t\t<div class=\"elementor-widget-container\">\n\t\t\t\t\t\t\t\t\t\t\t\t\t\t\t<img fetchpriority=\"high\" decoding=\"async\" width=\"1024\" height=\"701\" src=\"https:\/\/www.angstag.ch\/wp-content\/uploads\/2022\/01\/BratstrasseDSC03744-3-scaled-e1606661203166-1024x701.jpg\" class=\"attachment-large size-large wp-image-4024\" alt=\"\" srcset=\"https:\/\/www.angstag.ch\/wp-content\/uploads\/2022\/01\/BratstrasseDSC03744-3-scaled-e1606661203166-1024x701.jpg 1024w, https:\/\/www.angstag.ch\/wp-content\/uploads\/2022\/01\/BratstrasseDSC03744-3-scaled-e1606661203166-300x205.jpg 300w, https:\/\/www.angstag.ch\/wp-content\/uploads\/2022\/01\/BratstrasseDSC03744-3-scaled-e1606661203166-768x525.jpg 768w, https:\/\/www.angstag.ch\/wp-content\/uploads\/2022\/01\/BratstrasseDSC03744-3-scaled-e1606661203166-1536x1051.jpg 1536w, https:\/\/www.angstag.ch\/wp-content\/uploads\/2022\/01\/BratstrasseDSC03744-3-scaled-e1606661203166.jpg 2048w\" sizes=\"(max-width: 1024px) 100vw, 1024px\" \/>\t\t\t\t\t\t\t\t\t\t\t\t\t\t\t<\/div>\n\t\t\t\t<\/div>\n\t\t\t\t<div class=\"elementor-element elementor-element-6c9ef0f elementor-widget elementor-widget-image\" data-id=\"6c9ef0f\" data-element_type=\"widget\" data-e-type=\"widget\" data-widget_type=\"image.default\">\n\t\t\t\t<div class=\"elementor-widget-container\">\n\t\t\t\t\t\t\t\t\t\t\t\t\t\t\t<img decoding=\"async\" width=\"1024\" height=\"701\" src=\"https:\/\/www.angstag.ch\/wp-content\/uploads\/2022\/01\/HPP-TechnologieDSC03498-scaled-e1598276177195-1024x701.jpg\" class=\"attachment-large size-large wp-image-4084\" alt=\"\" srcset=\"https:\/\/www.angstag.ch\/wp-content\/uploads\/2022\/01\/HPP-TechnologieDSC03498-scaled-e1598276177195-1024x701.jpg 1024w, https:\/\/www.angstag.ch\/wp-content\/uploads\/2022\/01\/HPP-TechnologieDSC03498-scaled-e1598276177195-300x205.jpg 300w, https:\/\/www.angstag.ch\/wp-content\/uploads\/2022\/01\/HPP-TechnologieDSC03498-scaled-e1598276177195-768x525.jpg 768w, https:\/\/www.angstag.ch\/wp-content\/uploads\/2022\/01\/HPP-TechnologieDSC03498-scaled-e1598276177195-1536x1051.jpg 1536w, https:\/\/www.angstag.ch\/wp-content\/uploads\/2022\/01\/HPP-TechnologieDSC03498-scaled-e1598276177195.jpg 2048w\" sizes=\"(max-width: 1024px) 100vw, 1024px\" \/>\t\t\t\t\t\t\t\t\t\t\t\t\t\t\t<\/div>\n\t\t\t\t<\/div>\n\t\t\t\t\t<\/div>\n\t\t<\/div>\n\t\t\t\t<div class=\"elementor-column elementor-col-50 elementor-top-column elementor-element elementor-element-20e5f33\" data-id=\"20e5f33\" data-element_type=\"column\" data-e-type=\"column\">\n\t\t\t<div class=\"elementor-widget-wrap elementor-element-populated\">\n\t\t\t\t\t\t<div class=\"elementor-element elementor-element-8b95401 elementor-widget elementor-widget-text-editor\" data-id=\"8b95401\" data-element_type=\"widget\" data-e-type=\"widget\" data-widget_type=\"text-editor.default\">\n\t\t\t\t<div class=\"elementor-widget-container\">\n\t\t\t\t\t\t\t\t\t<p><span style=\"color: #000000;\"><strong>PROZESS-TECHNOLOGIEN\u00a0<\/strong><\/span><\/p><p><span style=\"color: #000000;\">Wir verf\u00fcgen \u00fcber eine Vielzahl an verschiedenen Maschinen und Technologien. Dies verleiht uns die F\u00e4higkeit, Rohstoffe fachgerecht und effizient zu verarbeiten.<\/span><\/p>\t\t\t\t\t\t\t\t<\/div>\n\t\t\t\t<\/div>\n\t\t\t\t<div class=\"elementor-element elementor-element-4c41fe1 elementor-widget elementor-widget-button\" data-id=\"4c41fe1\" data-element_type=\"widget\" data-e-type=\"widget\" data-widget_type=\"button.default\">\n\t\t\t\t<div class=\"elementor-widget-container\">\n\t\t\t\t\t\t\t\t\t<div class=\"elementor-button-wrapper\">\n\t\t\t\t\t<a class=\"elementor-button elementor-button-link elementor-size-sm\" href=\"https:\/\/www.angstag.ch\/index.php\/prozess-technologien\/\">\n\t\t\t\t\t\t<span class=\"elementor-button-content-wrapper\">\n\t\t\t\t\t\t\t\t\t<span class=\"elementor-button-text\">Prozess-Technologien<\/span>\n\t\t\t\t\t<\/span>\n\t\t\t\t\t<\/a>\n\t\t\t\t<\/div>\n\t\t\t\t\t\t\t\t<\/div>\n\t\t\t\t<\/div>\n\t\t\t\t<div class=\"elementor-element elementor-element-e1ffb73 elementor-widget elementor-widget-text-editor\" data-id=\"e1ffb73\" data-element_type=\"widget\" data-e-type=\"widget\" data-widget_type=\"text-editor.default\">\n\t\t\t\t<div class=\"elementor-widget-container\">\n\t\t\t\t\t\t\t\t\t<p><span style=\"color: #000000;\"><b>\u00a0<\/b><\/span><\/p><p><span style=\"color: #000000;\"><b>INDIVIDUELLE VERPACKUNGEN F\u00dcR INDIVIDUELLE PRODUKTE<\/b><\/span><\/p><p><span style=\"color: #000000;\">Von simplem Vakuumieren \u00fcber Tiefziehen in vorgeformte Schalen inkl. Schutzgasatmosph\u00e4re (MAP) oder Becher abgef\u00fcllt bis hin zu praktischen Kochbeutel &#8211; alles ist m\u00f6glich. Ausserdem verf\u00fcgen wir \u00fcber ein grosses Know-How was HPP-taugliche Verpackungen angeht. Diesbez\u00fcglich k\u00f6nnen Sie in der Rubrik <span style=\"text-decoration: underline;\"><span style=\"color: #cf2e2e; text-decoration: underline;\"><a style=\"color: #cf2e2e; text-decoration: underline;\" href=\"https:\/\/www.angstag.ch\/index.php\/hpp-technologie\/\">HPP-Technologie<\/a><\/span><\/span> mehr erfahren.<\/span><\/p>\t\t\t\t\t\t\t\t<\/div>\n\t\t\t\t<\/div>\n\t\t\t\t<div class=\"elementor-element elementor-element-b15bf87 elementor-widget elementor-widget-text-editor\" data-id=\"b15bf87\" data-element_type=\"widget\" data-e-type=\"widget\" data-widget_type=\"text-editor.default\">\n\t\t\t\t<div class=\"elementor-widget-container\">\n\t\t\t\t\t\t\t\t\t<p><span style=\"color: #000000;\">Unsere Inspektionssysteme mit Metall-Fremdk\u00f6rpererkennung erm\u00f6glichen eine effiziente Qualit\u00e4tskontrolle und die Einhaltung h\u00f6chster Sicherheitsstandards.&nbsp;<\/span><\/p>\n<p><span style=\"color: #000000;\">Wir sind gespannt, welche Verpackungsanforderungen Ihr Produkt an uns stellt.&nbsp;<\/span><\/p>\t\t\t\t\t\t\t\t<\/div>\n\t\t\t\t<\/div>\n\t\t\t\t<div class=\"elementor-element elementor-element-043c84f elementor-widget elementor-widget-spacer\" data-id=\"043c84f\" data-element_type=\"widget\" data-e-type=\"widget\" data-widget_type=\"spacer.default\">\n\t\t\t\t<div class=\"elementor-widget-container\">\n\t\t\t\t\t\t\t<div class=\"elementor-spacer\">\n\t\t\t<div class=\"elementor-spacer-inner\"><\/div>\n\t\t<\/div>\n\t\t\t\t\t\t<\/div>\n\t\t\t\t<\/div>\n\t\t\t\t<div class=\"elementor-element elementor-element-5e7d428 elementor-widget elementor-widget-button\" data-id=\"5e7d428\" data-element_type=\"widget\" data-e-type=\"widget\" data-widget_type=\"button.default\">\n\t\t\t\t<div class=\"elementor-widget-container\">\n\t\t\t\t\t\t\t\t\t<div class=\"elementor-button-wrapper\">\n\t\t\t\t\t<a class=\"elementor-button elementor-button-link elementor-size-sm\" href=\"https:\/\/www.angstag.ch\/index.php\/hpp-technologie\/\">\n\t\t\t\t\t\t<span class=\"elementor-button-content-wrapper\">\n\t\t\t\t\t\t\t\t\t<span class=\"elementor-button-text\">HPP-Technologie<\/span>\n\t\t\t\t\t<\/span>\n\t\t\t\t\t<\/a>\n\t\t\t\t<\/div>\n\t\t\t\t\t\t\t\t<\/div>\n\t\t\t\t<\/div>\n\t\t\t\t\t<\/div>\n\t\t<\/div>\n\t\t\t\t\t<\/div>\n\t\t<\/section>\n\t\t\t\t<section class=\"elementor-section elementor-top-section elementor-element elementor-element-654d106 elementor-section-boxed elementor-section-height-default elementor-section-height-default\" data-id=\"654d106\" data-element_type=\"section\" data-e-type=\"section\">\n\t\t\t\t\t\t<div class=\"elementor-container elementor-column-gap-default\">\n\t\t\t\t\t<div class=\"elementor-column elementor-col-100 elementor-top-column elementor-element elementor-element-a6fd413\" data-id=\"a6fd413\" data-element_type=\"column\" data-e-type=\"column\">\n\t\t\t<div class=\"elementor-widget-wrap elementor-element-populated\">\n\t\t\t\t\t\t<div class=\"elementor-element elementor-element-d0e9062 elementor-widget elementor-widget-spacer\" data-id=\"d0e9062\" data-element_type=\"widget\" data-e-type=\"widget\" data-widget_type=\"spacer.default\">\n\t\t\t\t<div class=\"elementor-widget-container\">\n\t\t\t\t\t\t\t<div class=\"elementor-spacer\">\n\t\t\t<div class=\"elementor-spacer-inner\"><\/div>\n\t\t<\/div>\n\t\t\t\t\t\t<\/div>\n\t\t\t\t<\/div>\n\t\t\t\t\t<\/div>\n\t\t<\/div>\n\t\t\t\t\t<\/div>\n\t\t<\/section>\n\t\t\t\t<\/div>\n\t\t","protected":false},"excerpt":{"rendered":"<p>Produktentwicklung Haben Sie eine Idee oder Vision und suchen Sie nach einer Umsetzungsl\u00f6sung? \u00a0Nutzen Sie bei der Entwicklung Ihrer Lebensmittel unsere vielseitigen und einzigartigen Technologien und unsere langj\u00e4hrige Erfahrung in der Lebensmittelproduktion.\u00a0 Wir beraten Sie gerne bei Entscheidungen zur Rohstoffauswahl, unterst\u00fctzen Sie bei der Umsetzung von Rezepturen und planen Verarbeitung sowie Verpackung zusammen mit Ihnen.&hellip;&nbsp;<a href=\"https:\/\/www.angstag.ch\/index.php\/produktentwicklung\/\" rel=\"bookmark\">Weiterlesen &raquo;<span class=\"screen-reader-text\">Produktentwicklung<\/span><\/a><\/p>\n","protected":false},"author":3,"featured_media":0,"parent":0,"menu_order":0,"comment_status":"closed","ping_status":"closed","template":"","meta":{"neve_meta_sidebar":"","neve_meta_container":"","neve_meta_enable_content_width":"off","neve_meta_content_width":0,"neve_meta_title_alignment":"","neve_meta_author_avatar":"","neve_post_elements_order":"","neve_meta_disable_header":"","neve_meta_disable_footer":"","neve_meta_disable_title":"on","footnotes":""},"class_list":["post-29","page","type-page","status-publish","hentry"],"_links":{"self":[{"href":"https:\/\/www.angstag.ch\/index.php\/wp-json\/wp\/v2\/pages\/29","targetHints":{"allow":["GET"]}}],"collection":[{"href":"https:\/\/www.angstag.ch\/index.php\/wp-json\/wp\/v2\/pages"}],"about":[{"href":"https:\/\/www.angstag.ch\/index.php\/wp-json\/wp\/v2\/types\/page"}],"author":[{"embeddable":true,"href":"https:\/\/www.angstag.ch\/index.php\/wp-json\/wp\/v2\/users\/3"}],"replies":[{"embeddable":true,"href":"https:\/\/www.angstag.ch\/index.php\/wp-json\/wp\/v2\/comments?post=29"}],"version-history":[{"count":21,"href":"https:\/\/www.angstag.ch\/index.php\/wp-json\/wp\/v2\/pages\/29\/revisions"}],"predecessor-version":[{"id":4608,"href":"https:\/\/www.angstag.ch\/index.php\/wp-json\/wp\/v2\/pages\/29\/revisions\/4608"}],"wp:attachment":[{"href":"https:\/\/www.angstag.ch\/index.php\/wp-json\/wp\/v2\/media?parent=29"}],"curies":[{"name":"wp","href":"https:\/\/api.w.org\/{rel}","templated":true}]}}