{"id":33,"date":"2020-07-31T13:35:40","date_gmt":"2020-07-31T13:35:40","guid":{"rendered":"https:\/\/www.angstag.ch\/?page_id=33"},"modified":"2021-01-20T09:27:06","modified_gmt":"2021-01-20T09:27:06","slug":"produkte","status":"publish","type":"page","link":"https:\/\/www.angstag.ch\/index.php\/produkte\/","title":{"rendered":"Produkte"},"content":{"rendered":"\t\t<div data-elementor-type=\"wp-page\" data-elementor-id=\"33\" class=\"elementor elementor-33\" data-elementor-post-type=\"page\">\n\t\t\t\t\t\t<section class=\"elementor-section elementor-top-section elementor-element elementor-element-20dd4f3 elementor-section-full_width elementor-section-height-default elementor-section-height-default\" data-id=\"20dd4f3\" data-element_type=\"section\" data-e-type=\"section\" data-settings=\"{&quot;background_background&quot;:&quot;classic&quot;,&quot;sticky&quot;:&quot;top&quot;,&quot;sticky_on&quot;:[&quot;desktop&quot;,&quot;tablet&quot;,&quot;mobile&quot;],&quot;sticky_offset&quot;:0,&quot;sticky_effects_offset&quot;:0}\">\n\t\t\t\t\t\t<div class=\"elementor-container elementor-column-gap-default\">\n\t\t\t\t\t<div class=\"elementor-column elementor-col-100 elementor-top-column elementor-element elementor-element-c0b094b\" data-id=\"c0b094b\" data-element_type=\"column\" data-e-type=\"column\">\n\t\t\t<div class=\"elementor-widget-wrap elementor-element-populated\">\n\t\t\t\t\t\t<div class=\"elementor-element elementor-element-16d7821 elementor-widget elementor-widget-spacer\" data-id=\"16d7821\" data-element_type=\"widget\" data-e-type=\"widget\" data-widget_type=\"spacer.default\">\n\t\t\t\t<div class=\"elementor-widget-container\">\n\t\t\t\t\t\t\t<div class=\"elementor-spacer\">\n\t\t\t<div class=\"elementor-spacer-inner\"><\/div>\n\t\t<\/div>\n\t\t\t\t\t\t<\/div>\n\t\t\t\t<\/div>\n\t\t\t\t<div class=\"elementor-element elementor-element-a87469d elementor-widget elementor-widget-heading\" data-id=\"a87469d\" data-element_type=\"widget\" data-e-type=\"widget\" data-widget_type=\"heading.default\">\n\t\t\t\t<div class=\"elementor-widget-container\">\n\t\t\t\t\t<h2 class=\"elementor-heading-title elementor-size-default\">Produkte<\/h2>\t\t\t\t<\/div>\n\t\t\t\t<\/div>\n\t\t\t\t<div class=\"elementor-element elementor-element-998fc94 elementor-widget elementor-widget-spacer\" data-id=\"998fc94\" data-element_type=\"widget\" data-e-type=\"widget\" data-widget_type=\"spacer.default\">\n\t\t\t\t<div class=\"elementor-widget-container\">\n\t\t\t\t\t\t\t<div class=\"elementor-spacer\">\n\t\t\t<div class=\"elementor-spacer-inner\"><\/div>\n\t\t<\/div>\n\t\t\t\t\t\t<\/div>\n\t\t\t\t<\/div>\n\t\t\t\t\t<\/div>\n\t\t<\/div>\n\t\t\t\t\t<\/div>\n\t\t<\/section>\n\t\t\t\t<section class=\"elementor-section elementor-top-section elementor-element elementor-element-873b165 elementor-section-boxed elementor-section-height-default elementor-section-height-default\" data-id=\"873b165\" data-element_type=\"section\" data-e-type=\"section\">\n\t\t\t\t\t\t<div class=\"elementor-container elementor-column-gap-default\">\n\t\t\t\t\t<div class=\"elementor-column elementor-col-100 elementor-top-column elementor-element elementor-element-d1d21e5\" data-id=\"d1d21e5\" data-element_type=\"column\" data-e-type=\"column\">\n\t\t\t<div class=\"elementor-widget-wrap elementor-element-populated\">\n\t\t\t\t\t\t<div class=\"elementor-element elementor-element-7b8133a elementor-widget elementor-widget-spacer\" data-id=\"7b8133a\" data-element_type=\"widget\" data-e-type=\"widget\" data-widget_type=\"spacer.default\">\n\t\t\t\t<div class=\"elementor-widget-container\">\n\t\t\t\t\t\t\t<div class=\"elementor-spacer\">\n\t\t\t<div class=\"elementor-spacer-inner\"><\/div>\n\t\t<\/div>\n\t\t\t\t\t\t<\/div>\n\t\t\t\t<\/div>\n\t\t\t\t\t<\/div>\n\t\t<\/div>\n\t\t\t\t\t<\/div>\n\t\t<\/section>\n\t\t\t\t<section class=\"elementor-section elementor-top-section elementor-element elementor-element-1ca77d0 elementor-section-full_width elementor-section-height-default elementor-section-height-default\" data-id=\"1ca77d0\" data-element_type=\"section\" data-e-type=\"section\">\n\t\t\t\t\t\t<div class=\"elementor-container elementor-column-gap-no\">\n\t\t\t\t\t<div class=\"elementor-column elementor-col-33 elementor-top-column elementor-element elementor-element-0e2fe0b\" data-id=\"0e2fe0b\" data-element_type=\"column\" data-e-type=\"column\">\n\t\t\t<div class=\"elementor-widget-wrap\">\n\t\t\t\t\t\t\t<\/div>\n\t\t<\/div>\n\t\t\t\t<div class=\"elementor-column elementor-col-33 elementor-top-column elementor-element elementor-element-35acb36\" data-id=\"35acb36\" data-element_type=\"column\" data-e-type=\"column\">\n\t\t\t<div class=\"elementor-widget-wrap elementor-element-populated\">\n\t\t\t\t\t\t<div class=\"elementor-element elementor-element-a59c1bd elementor-widget elementor-widget-text-editor\" data-id=\"a59c1bd\" data-element_type=\"widget\" data-e-type=\"widget\" data-widget_type=\"text-editor.default\">\n\t\t\t\t<div class=\"elementor-widget-container\">\n\t\t\t\t\t\t\t\t\t<p><span style=\"color: #000000;\"><strong>AKTIONEN UND PREISLISTEN<\/strong>:<\/span><\/p><p><span style=\"color: #000000;\"><span class=\"TextRun Highlight SCXO102919652 BCX0\" lang=\"DE-CH\" xml:lang=\"DE-CH\" data-contrast=\"none\"><span class=\"NormalTextRun SCXO102919652 BCX0\">Sie k\u00f6nnen alle aktuellen Spezialangebote und unsere produktspezifischen Preislisten downloaden. Bei individuellen Kundenw\u00fcnschen senden wir Ihnen gerne ein passendes Angebot.<\/span><\/span><span class=\"EOP SCXO102919652 BCX0\">\u00a0<\/span><\/span><\/p>\t\t\t\t\t\t\t\t<\/div>\n\t\t\t\t<\/div>\n\t\t\t\t\t<\/div>\n\t\t<\/div>\n\t\t\t\t<div class=\"elementor-column elementor-col-33 elementor-top-column elementor-element elementor-element-9a51936\" data-id=\"9a51936\" data-element_type=\"column\" data-e-type=\"column\">\n\t\t\t<div class=\"elementor-widget-wrap elementor-element-populated\">\n\t\t\t\t\t\t<div class=\"elementor-element elementor-element-5b8dc00 elementor-widget elementor-widget-button\" data-id=\"5b8dc00\" data-element_type=\"widget\" data-e-type=\"widget\" data-widget_type=\"button.default\">\n\t\t\t\t<div class=\"elementor-widget-container\">\n\t\t\t\t\t\t\t\t\t<div class=\"elementor-button-wrapper\">\n\t\t\t\t\t<a class=\"elementor-button elementor-button-link elementor-size-sm\" href=\"https:\/\/www.angstag.ch\/index.php\/aktionen-und-preislisten\/\">\n\t\t\t\t\t\t<span class=\"elementor-button-content-wrapper\">\n\t\t\t\t\t\t\t\t\t<span class=\"elementor-button-text\">mehr erfahren<\/span>\n\t\t\t\t\t<\/span>\n\t\t\t\t\t<\/a>\n\t\t\t\t<\/div>\n\t\t\t\t\t\t\t\t<\/div>\n\t\t\t\t<\/div>\n\t\t\t\t\t<\/div>\n\t\t<\/div>\n\t\t\t\t\t<\/div>\n\t\t<\/section>\n\t\t\t\t<section class=\"elementor-section elementor-top-section elementor-element elementor-element-ab2a36e elementor-section-boxed elementor-section-height-default elementor-section-height-default\" data-id=\"ab2a36e\" data-element_type=\"section\" data-e-type=\"section\">\n\t\t\t\t\t\t<div class=\"elementor-container elementor-column-gap-default\">\n\t\t\t\t\t<div class=\"elementor-column elementor-col-100 elementor-top-column elementor-element elementor-element-78550ee\" data-id=\"78550ee\" data-element_type=\"column\" data-e-type=\"column\">\n\t\t\t<div class=\"elementor-widget-wrap elementor-element-populated\">\n\t\t\t\t\t\t<div class=\"elementor-element elementor-element-1222f78 elementor-widget elementor-widget-spacer\" data-id=\"1222f78\" data-element_type=\"widget\" data-e-type=\"widget\" data-widget_type=\"spacer.default\">\n\t\t\t\t<div class=\"elementor-widget-container\">\n\t\t\t\t\t\t\t<div class=\"elementor-spacer\">\n\t\t\t<div class=\"elementor-spacer-inner\"><\/div>\n\t\t<\/div>\n\t\t\t\t\t\t<\/div>\n\t\t\t\t<\/div>\n\t\t\t\t\t<\/div>\n\t\t<\/div>\n\t\t\t\t\t<\/div>\n\t\t<\/section>\n\t\t\t\t<section class=\"elementor-section elementor-top-section elementor-element elementor-element-3618f75 elementor-section-boxed elementor-section-height-default elementor-section-height-default\" data-id=\"3618f75\" data-element_type=\"section\" data-e-type=\"section\">\n\t\t\t\t\t\t<div class=\"elementor-container elementor-column-gap-default\">\n\t\t\t\t\t<div class=\"elementor-column elementor-col-100 elementor-top-column elementor-element elementor-element-9173b0a\" data-id=\"9173b0a\" data-element_type=\"column\" data-e-type=\"column\">\n\t\t\t<div class=\"elementor-widget-wrap elementor-element-populated\">\n\t\t\t\t\t\t<div class=\"elementor-element elementor-element-c0bd424 elementor-widget elementor-widget-heading\" data-id=\"c0bd424\" data-element_type=\"widget\" data-e-type=\"widget\" data-widget_type=\"heading.default\">\n\t\t\t\t<div class=\"elementor-widget-container\">\n\t\t\t\t\t<h2 class=\"elementor-heading-title elementor-size-default\">Wir stellen Ihnen unsere Produktkategorien vor<\/h2>\t\t\t\t<\/div>\n\t\t\t\t<\/div>\n\t\t\t\t\t<\/div>\n\t\t<\/div>\n\t\t\t\t\t<\/div>\n\t\t<\/section>\n\t\t\t\t<section class=\"elementor-section elementor-top-section elementor-element elementor-element-300358e elementor-section-boxed elementor-section-height-default elementor-section-height-default\" data-id=\"300358e\" data-element_type=\"section\" data-e-type=\"section\" data-settings=\"{&quot;background_background&quot;:&quot;classic&quot;}\">\n\t\t\t\t\t\t<div class=\"elementor-container elementor-column-gap-default\">\n\t\t\t\t\t<div class=\"elementor-column elementor-col-100 elementor-top-column elementor-element elementor-element-7d26c7b\" data-id=\"7d26c7b\" data-element_type=\"column\" data-e-type=\"column\">\n\t\t\t<div class=\"elementor-widget-wrap elementor-element-populated\">\n\t\t\t\t\t\t<div class=\"elementor-element elementor-element-e210580 elementor-widget elementor-widget-text-editor\" data-id=\"e210580\" data-element_type=\"widget\" data-e-type=\"widget\" data-widget_type=\"text-editor.default\">\n\t\t\t\t<div class=\"elementor-widget-container\">\n\t\t\t\t\t\t\t\t\t<div class=\"n2_ss_slider_publish__option_code\" dir=\"ltr\" data-mode=\"id\"><\/div>\t\t\t\t\t\t\t\t<\/div>\n\t\t\t\t<\/div>\n\t\t\t\t\t<\/div>\n\t\t<\/div>\n\t\t\t\t\t<\/div>\n\t\t<\/section>\n\t\t\t\t<section class=\"elementor-section elementor-top-section elementor-element elementor-element-cccb903 elementor-section-boxed elementor-section-height-default elementor-section-height-default\" data-id=\"cccb903\" data-element_type=\"section\" data-e-type=\"section\">\n\t\t\t\t\t\t<div class=\"elementor-container elementor-column-gap-default\">\n\t\t\t\t\t<div class=\"elementor-column elementor-col-100 elementor-top-column elementor-element elementor-element-87c5dcd\" data-id=\"87c5dcd\" data-element_type=\"column\" data-e-type=\"column\">\n\t\t\t<div class=\"elementor-widget-wrap elementor-element-populated\">\n\t\t\t\t\t\t<div class=\"elementor-element elementor-element-999e080 elementor-widget elementor-widget-spacer\" data-id=\"999e080\" data-element_type=\"widget\" data-e-type=\"widget\" data-widget_type=\"spacer.default\">\n\t\t\t\t<div class=\"elementor-widget-container\">\n\t\t\t\t\t\t\t<div class=\"elementor-spacer\">\n\t\t\t<div class=\"elementor-spacer-inner\"><\/div>\n\t\t<\/div>\n\t\t\t\t\t\t<\/div>\n\t\t\t\t<\/div>\n\t\t\t\t\t<\/div>\n\t\t<\/div>\n\t\t\t\t\t<\/div>\n\t\t<\/section>\n\t\t\t\t<section class=\"elementor-section elementor-top-section elementor-element elementor-element-a2a1b0e elementor-section-boxed elementor-section-height-default elementor-section-height-default\" data-id=\"a2a1b0e\" data-element_type=\"section\" data-e-type=\"section\">\n\t\t\t\t\t\t<div class=\"elementor-container elementor-column-gap-default\">\n\t\t\t\t\t<div class=\"elementor-column elementor-col-100 elementor-top-column elementor-element elementor-element-ea3cbce\" data-id=\"ea3cbce\" data-element_type=\"column\" data-e-type=\"column\">\n\t\t\t<div class=\"elementor-widget-wrap elementor-element-populated\">\n\t\t\t\t\t\t<div class=\"elementor-element elementor-element-c29ee0d elementor-widget elementor-widget-toggle\" data-id=\"c29ee0d\" data-element_type=\"widget\" data-e-type=\"widget\" data-widget_type=\"toggle.default\">\n\t\t\t\t<div class=\"elementor-widget-container\">\n\t\t\t\t\t\t\t<div class=\"elementor-toggle\">\n\t\t\t\t\t\t\t<div class=\"elementor-toggle-item\">\n\t\t\t\t\t<div id=\"elementor-tab-title-2041\" class=\"elementor-tab-title\" data-tab=\"1\" role=\"button\" aria-controls=\"elementor-tab-content-2041\" aria-expanded=\"false\">\n\t\t\t\t\t\t\t\t\t\t\t\t<span class=\"elementor-toggle-icon elementor-toggle-icon-left\" aria-hidden=\"true\">\n\t\t\t\t\t\t\t\t\t\t\t\t\t\t\t<span class=\"elementor-toggle-icon-closed\"><i class=\"fas fa-caret-right\"><\/i><\/span>\n\t\t\t\t\t\t\t\t<span class=\"elementor-toggle-icon-opened\"><i class=\"elementor-toggle-icon-opened fas fa-caret-up\"><\/i><\/span>\n\t\t\t\t\t\t\t\t\t\t\t\t\t<\/span>\n\t\t\t\t\t\t\t\t\t\t\t\t<a class=\"elementor-toggle-title\" tabindex=\"0\">Unser FRISCH-FLEISCH...<\/a>\n\t\t\t\t\t<\/div>\n\n\t\t\t\t\t<div id=\"elementor-tab-content-2041\" class=\"elementor-tab-content elementor-clearfix\" data-tab=\"1\" role=\"region\" aria-labelledby=\"elementor-tab-title-2041\"><p style=\"padding-left: 40px;\"><span class=\"elementor-icon-list-text\"><span style=\"color: #cf2e2e;\">&#8211;<\/span> ist regionales Schweizer Fleisch oder eine Import-Spezialit\u00e4t.<br \/><\/span><span class=\"elementor-icon-list-text\"><span style=\"color: #cf2e2e;\">&#8211;<\/span> aus der Sc<\/span><span class=\"elementor-icon-list-text\">hweiz <\/span><span class=\"elementor-icon-list-text\">kommt gr\u00f6sstenteils ohne Transportweg aus dem Schlachtbetrieb Z\u00fcrich.<br \/><\/span><span style=\"color: #cf2e2e;\">&#8211;<\/span> v<span class=\"elementor-icon-list-text\">om Schwein kommt aus der Region Z\u00fcrich.<br \/><\/span><span style=\"color: #cf2e2e;\">&#8211;<\/span> Sortiment beinhaltet auch Schweizer Lammfleisch.<br \/><span style=\"color: #cf2e2e;\">&#8211;<\/span> wird auf Kundenwunsch zugeschnitten und portioniert.<br \/><span style=\"color: #cf2e2e;\">&#8211;<\/span> wird t\u00e4glich auf Bestellung gerichtet.<br \/><span class=\"elementor-icon-list-text\" style=\"color: #000000;\"><span style=\"color: #cf2e2e;\">&#8211;<\/span> lagert unter Einhaltung individueller Reifezeit f\u00fcr Metzger- bzw. Gastrokunden.<br \/><\/span><span class=\"elementor-icon-list-text\" style=\"color: #000000;\"><span style=\"color: #cf2e2e;\">&#8211;<\/span> ist auf Wunsch in Bio oder Culinarium Qualit\u00e4t erh\u00e4ltlich.<\/span><\/p><\/div>\n\t\t\t\t<\/div>\n\t\t\t\t\t\t\t<div class=\"elementor-toggle-item\">\n\t\t\t\t\t<div id=\"elementor-tab-title-2042\" class=\"elementor-tab-title\" data-tab=\"2\" role=\"button\" aria-controls=\"elementor-tab-content-2042\" aria-expanded=\"false\">\n\t\t\t\t\t\t\t\t\t\t\t\t<span class=\"elementor-toggle-icon elementor-toggle-icon-left\" aria-hidden=\"true\">\n\t\t\t\t\t\t\t\t\t\t\t\t\t\t\t<span class=\"elementor-toggle-icon-closed\"><i class=\"fas fa-caret-right\"><\/i><\/span>\n\t\t\t\t\t\t\t\t<span class=\"elementor-toggle-icon-opened\"><i class=\"elementor-toggle-icon-opened fas fa-caret-up\"><\/i><\/span>\n\t\t\t\t\t\t\t\t\t\t\t\t\t<\/span>\n\t\t\t\t\t\t\t\t\t\t\t\t<a class=\"elementor-toggle-title\" tabindex=\"0\">Unsere FLEISCHZUBEREITUNGEN...<\/a>\n\t\t\t\t\t<\/div>\n\n\t\t\t\t\t<div id=\"elementor-tab-content-2042\" class=\"elementor-tab-content elementor-clearfix\" data-tab=\"2\" role=\"region\" aria-labelledby=\"elementor-tab-title-2042\"><p style=\"padding-left: 40px;\"><span style=\"color: #000000;\"><span style=\"color: #cf2e2e;\">&#8211;<\/span>\u00a0 werden jeden Tag auf Kundenwunsch hergestellt.<br \/><\/span><span style=\"color: #000000;\"><span style=\"color: #cf2e2e;\">&#8211;\u00a0<\/span> k\u00f6nnen nach Kundenrezeptur verarbeitet werden.<br \/><\/span><span style=\"color: #000000;\"><span style=\"color: #cf2e2e;\">&#8211;\u00a0<\/span> sind wann immer m\u00f6glich E-Nummer- und allergenfrei.<br \/><\/span><span class=\"elementor-icon-list-text\" style=\"color: #000000;\"><span style=\"color: #cf2e2e;\">&#8211;<\/span>\u00a0 bestehen aus m\u00f6glichst nat\u00fcrlichen Zutaten, gr\u00f6sstenteils von Schweizer Produzenten.<br \/><\/span><span style=\"color: #000000;\"><span style=\"color: #cf2e2e;\">&#8211;\u00a0<\/span> sind mariniert, paniert, gew\u00fcrzt oder angebraten.<\/span><\/p><\/div>\n\t\t\t\t<\/div>\n\t\t\t\t\t\t\t<div class=\"elementor-toggle-item\">\n\t\t\t\t\t<div id=\"elementor-tab-title-2043\" class=\"elementor-tab-title\" data-tab=\"3\" role=\"button\" aria-controls=\"elementor-tab-content-2043\" aria-expanded=\"false\">\n\t\t\t\t\t\t\t\t\t\t\t\t<span class=\"elementor-toggle-icon elementor-toggle-icon-left\" aria-hidden=\"true\">\n\t\t\t\t\t\t\t\t\t\t\t\t\t\t\t<span class=\"elementor-toggle-icon-closed\"><i class=\"fas fa-caret-right\"><\/i><\/span>\n\t\t\t\t\t\t\t\t<span class=\"elementor-toggle-icon-opened\"><i class=\"elementor-toggle-icon-opened fas fa-caret-up\"><\/i><\/span>\n\t\t\t\t\t\t\t\t\t\t\t\t\t<\/span>\n\t\t\t\t\t\t\t\t\t\t\t\t<a class=\"elementor-toggle-title\" tabindex=\"0\">Unsere WURSTWAREN...<\/a>\n\t\t\t\t\t<\/div>\n\n\t\t\t\t\t<div id=\"elementor-tab-content-2043\" class=\"elementor-tab-content elementor-clearfix\" data-tab=\"3\" role=\"region\" aria-labelledby=\"elementor-tab-title-2043\"><p style=\"padding-left: 40px;\"><span style=\"color: #000000;\"><span style=\"color: #cf2e2e;\">&#8211; \u00a0<\/span><span class=\"elementor-icon-list-text\">sind originale Z\u00fcrcher Spezialit\u00e4ten.<br \/><\/span><\/span><span style=\"color: #000000;\"><span style=\"font-family: var( --e-global-typography-text-font-family ); font-weight: var( --e-global-typography-text-font-weight ); color: #cf2e2e;\">&#8211;<\/span> \u00a0<span class=\"elementor-icon-list-text\">werden punktgenau ger\u00e4uchert, gegart oder getrocknet.<br \/><\/span><\/span><span style=\"color: #000000; font-family: var( --e-global-typography-text-font-family ); font-weight: var( --e-global-typography-text-font-weight );\"><span style=\"color: #cf2e2e;\">&#8211;\u00a0<\/span> gibt es auch mit individuell angepasster Rezeptur.\u00a0<br \/><\/span><span style=\"color: #000000;\"><span style=\"color: #cf2e2e;\">&#8211;\u00a0<\/span> <span class=\"elementor-icon-list-text\">sind im Gewicht variabel und passen sich Ihren Verpackungsw\u00fcnschen an.<\/span><\/span><\/p><\/div>\n\t\t\t\t<\/div>\n\t\t\t\t\t\t\t<div class=\"elementor-toggle-item\">\n\t\t\t\t\t<div id=\"elementor-tab-title-2044\" class=\"elementor-tab-title\" data-tab=\"4\" role=\"button\" aria-controls=\"elementor-tab-content-2044\" aria-expanded=\"false\">\n\t\t\t\t\t\t\t\t\t\t\t\t<span class=\"elementor-toggle-icon elementor-toggle-icon-left\" aria-hidden=\"true\">\n\t\t\t\t\t\t\t\t\t\t\t\t\t\t\t<span class=\"elementor-toggle-icon-closed\"><i class=\"fas fa-caret-right\"><\/i><\/span>\n\t\t\t\t\t\t\t\t<span class=\"elementor-toggle-icon-opened\"><i class=\"elementor-toggle-icon-opened fas fa-caret-up\"><\/i><\/span>\n\t\t\t\t\t\t\t\t\t\t\t\t\t<\/span>\n\t\t\t\t\t\t\t\t\t\t\t\t<a class=\"elementor-toggle-title\" tabindex=\"0\">Unsere CHARCUTERIE-PRODUKTE...<\/a>\n\t\t\t\t\t<\/div>\n\n\t\t\t\t\t<div id=\"elementor-tab-content-2044\" class=\"elementor-tab-content elementor-clearfix\" data-tab=\"4\" role=\"region\" aria-labelledby=\"elementor-tab-title-2044\"><p style=\"padding-left: 40px;\"><span style=\"color: #000000;\"><span class=\"elementor-icon-list-text\"><span style=\"color: #cf2e2e;\">&#8211;<\/span> werden t\u00e4glich frisch aufgeschnitten und verpackt.<br \/><\/span><\/span><span style=\"color: #000000;\"><span class=\"elementor-icon-list-text\"><span style=\"color: #cf2e2e;\">&#8211;<\/span> vervollst\u00e4ndigen jedes Sandwich und jeden Ap\u00e9ro.<br \/><\/span><\/span><span style=\"color: #cf2e2e;\">&#8211;<\/span><span style=\"color: #000000;\"> k\u00f6nnen speziell nach Ihren Bed\u00fcrfnissen portioniert werden.<br \/><\/span><span style=\"color: #000000;\"><span class=\"elementor-icon-list-text\"><span style=\"color: #cf2e2e;\">&#8211;<\/span> sind neben lokalen Produkten auch Schweizer oder internationale Spezialit\u00e4ten.<\/span><\/span><\/p><\/div>\n\t\t\t\t<\/div>\n\t\t\t\t\t\t\t<div class=\"elementor-toggle-item\">\n\t\t\t\t\t<div id=\"elementor-tab-title-2045\" class=\"elementor-tab-title\" data-tab=\"5\" role=\"button\" aria-controls=\"elementor-tab-content-2045\" aria-expanded=\"false\">\n\t\t\t\t\t\t\t\t\t\t\t\t<span class=\"elementor-toggle-icon elementor-toggle-icon-left\" aria-hidden=\"true\">\n\t\t\t\t\t\t\t\t\t\t\t\t\t\t\t<span class=\"elementor-toggle-icon-closed\"><i class=\"fas fa-caret-right\"><\/i><\/span>\n\t\t\t\t\t\t\t\t<span class=\"elementor-toggle-icon-opened\"><i class=\"elementor-toggle-icon-opened fas fa-caret-up\"><\/i><\/span>\n\t\t\t\t\t\t\t\t\t\t\t\t\t<\/span>\n\t\t\t\t\t\t\t\t\t\t\t\t<a class=\"elementor-toggle-title\" tabindex=\"0\">Unsere CONVENIENCE-MEN\u00dcS...<\/a>\n\t\t\t\t\t<\/div>\n\n\t\t\t\t\t<div id=\"elementor-tab-content-2045\" class=\"elementor-tab-content elementor-clearfix\" data-tab=\"5\" role=\"region\" aria-labelledby=\"elementor-tab-title-2045\"><p style=\"padding-left: 40px;\"><span style=\"color: #000000;\"><span class=\"elementor-icon-list-text\"><span style=\"color: #cf2e2e;\">&#8211;<\/span> eignen sich optimal f\u00fcr die Systemgastronomie.<br \/><\/span><\/span><span style=\"color: #000000;\"><span class=\"elementor-icon-list-text\"><span style=\"color: #cf2e2e;\">&#8211;<\/span> sind spielend leicht in 20 Minuten zubereitet.<br \/><\/span><\/span><span style=\"color: #000000;\"><span style=\"font-family: var( --e-global-typography-text-font-family ); font-weight: var( --e-global-typography-text-font-weight );\"><span style=\"color: #cf2e2e;\">&#8211;<\/span> konnten \u00fcber die Jahre verfeinert und perfektioniert werden.<br \/><\/span><\/span><span style=\"color: #000000;\"><span class=\"elementor-icon-list-text\"><span style=\"color: #cf2e2e;\">&#8211;<\/span> enthalten m\u00f6glichst nat\u00fcrliche Zutaten.<br \/><\/span><\/span><span style=\"color: #000000;\"><span class=\"elementor-icon-list-text\"><span style=\"color: #cf2e2e;\">&#8211;<\/span> sind neben authentischen asiatischen Spezialit\u00e4ten wie Thail\u00e4ndisches Curry auch regional bew\u00e4hrte Gerichte wie Z\u00fcri-Geschnetzeltes.<br \/><\/span><\/span><span class=\"elementor-icon-list-text\"><span style=\"color: #cf2e2e;\">&#8211;<\/span><span style=\"color: #000000;\"> sind durch ihre Portionsgr\u00f6sse auch f\u00fcr kleinere Haushalte geeignet.<\/span><br \/><\/span><span style=\"color: #cf2e2e;\">&#8211;<\/span><span style=\"color: #000000;\"> k\u00f6nnen kundenspezifisch mit angepasstem Rezept z. B. salzreduziert hergestellt werden.<\/span><\/p><\/div>\n\t\t\t\t<\/div>\n\t\t\t\t\t\t\t<div class=\"elementor-toggle-item\">\n\t\t\t\t\t<div id=\"elementor-tab-title-2046\" class=\"elementor-tab-title\" data-tab=\"6\" role=\"button\" aria-controls=\"elementor-tab-content-2046\" aria-expanded=\"false\">\n\t\t\t\t\t\t\t\t\t\t\t\t<span class=\"elementor-toggle-icon elementor-toggle-icon-left\" aria-hidden=\"true\">\n\t\t\t\t\t\t\t\t\t\t\t\t\t\t\t<span class=\"elementor-toggle-icon-closed\"><i class=\"fas fa-caret-right\"><\/i><\/span>\n\t\t\t\t\t\t\t\t<span class=\"elementor-toggle-icon-opened\"><i class=\"elementor-toggle-icon-opened fas fa-caret-up\"><\/i><\/span>\n\t\t\t\t\t\t\t\t\t\t\t\t\t<\/span>\n\t\t\t\t\t\t\t\t\t\t\t\t<a class=\"elementor-toggle-title\" tabindex=\"0\">Unsere COMESTIBLES-ARTIKEL...<\/a>\n\t\t\t\t\t<\/div>\n\n\t\t\t\t\t<div id=\"elementor-tab-content-2046\" class=\"elementor-tab-content elementor-clearfix\" data-tab=\"6\" role=\"region\" aria-labelledby=\"elementor-tab-title-2046\"><p style=\"padding-left: 40px;\"><span style=\"color: #000000;\"><span style=\"font-family: var( --e-global-typography-text-font-family ); font-weight: var( --e-global-typography-text-font-weight );\"><span style=\"color: #cf2e2e;\">&#8211;<\/span> kommen aus aller Welt.<br \/><\/span><\/span><span style=\"color: #000000;\"><span class=\"elementor-icon-list-text\"><span style=\"color: #cf2e2e;\">&#8211;<\/span> erg\u00e4nzen unser reichhaltiges Sortiment optimal.<br \/><\/span><\/span><span style=\"color: #000000;\"><span class=\"elementor-icon-list-text\"><span style=\"color: #cf2e2e;\">&#8211;<\/span> reichen von Meeresfr\u00fcchten und Ap\u00e9ro-Geb\u00e4ck bis zu getrockneten Tomaten als Erg\u00e4nzung f\u00fcr ihr Angebot.<\/span><\/span><\/p><\/div>\n\t\t\t\t<\/div>\n\t\t\t\t\t\t\t\t<\/div>\n\t\t\t\t\t\t<\/div>\n\t\t\t\t<\/div>\n\t\t\t\t\t<\/div>\n\t\t<\/div>\n\t\t\t\t\t<\/div>\n\t\t<\/section>\n\t\t\t\t<section class=\"elementor-section elementor-top-section elementor-element elementor-element-b96321f elementor-section-boxed elementor-section-height-default elementor-section-height-default\" data-id=\"b96321f\" data-element_type=\"section\" data-e-type=\"section\">\n\t\t\t\t\t\t<div class=\"elementor-container elementor-column-gap-default\">\n\t\t\t\t\t<div class=\"elementor-column elementor-col-100 elementor-top-column elementor-element elementor-element-5964181\" data-id=\"5964181\" data-element_type=\"column\" data-e-type=\"column\">\n\t\t\t<div class=\"elementor-widget-wrap elementor-element-populated\">\n\t\t\t\t\t\t<div class=\"elementor-element elementor-element-72f2572 elementor-widget elementor-widget-spacer\" data-id=\"72f2572\" data-element_type=\"widget\" data-e-type=\"widget\" data-widget_type=\"spacer.default\">\n\t\t\t\t<div class=\"elementor-widget-container\">\n\t\t\t\t\t\t\t<div class=\"elementor-spacer\">\n\t\t\t<div class=\"elementor-spacer-inner\"><\/div>\n\t\t<\/div>\n\t\t\t\t\t\t<\/div>\n\t\t\t\t<\/div>\n\t\t\t\t\t<\/div>\n\t\t<\/div>\n\t\t\t\t\t<\/div>\n\t\t<\/section>\n\t\t\t\t<\/div>\n\t\t","protected":false},"excerpt":{"rendered":"<p>Produkte AKTIONEN UND PREISLISTEN: Sie k\u00f6nnen alle aktuellen Spezialangebote und unsere produktspezifischen Preislisten downloaden. Bei individuellen Kundenw\u00fcnschen senden wir Ihnen gerne ein passendes Angebot.\u00a0 mehr erfahren Wir stellen Ihnen unsere Produktkategorien vor Unser FRISCH-FLEISCH&#8230; &#8211; ist regionales Schweizer Fleisch oder eine Import-Spezialit\u00e4t.&#8211; aus der Schweiz kommt gr\u00f6sstenteils ohne Transportweg aus dem Schlachtbetrieb Z\u00fcrich.&#8211; vom Schwein&hellip;&nbsp;<a href=\"https:\/\/www.angstag.ch\/index.php\/produkte\/\" rel=\"bookmark\">Weiterlesen &raquo;<span class=\"screen-reader-text\">Produkte<\/span><\/a><\/p>\n","protected":false},"author":3,"featured_media":0,"parent":0,"menu_order":0,"comment_status":"closed","ping_status":"closed","template":"","meta":{"neve_meta_sidebar":"","neve_meta_container":"","neve_meta_enable_content_width":"off","neve_meta_content_width":0,"neve_meta_title_alignment":"","neve_meta_author_avatar":"","neve_post_elements_order":"","neve_meta_disable_header":"","neve_meta_disable_footer":"","neve_meta_disable_title":"on","footnotes":""},"class_list":["post-33","page","type-page","status-publish","hentry"],"_links":{"self":[{"href":"https:\/\/www.angstag.ch\/index.php\/wp-json\/wp\/v2\/pages\/33","targetHints":{"allow":["GET"]}}],"collection":[{"href":"https:\/\/www.angstag.ch\/index.php\/wp-json\/wp\/v2\/pages"}],"about":[{"href":"https:\/\/www.angstag.ch\/index.php\/wp-json\/wp\/v2\/types\/page"}],"author":[{"embeddable":true,"href":"https:\/\/www.angstag.ch\/index.php\/wp-json\/wp\/v2\/users\/3"}],"replies":[{"embeddable":true,"href":"https:\/\/www.angstag.ch\/index.php\/wp-json\/wp\/v2\/comments?post=33"}],"version-history":[{"count":0,"href":"https:\/\/www.angstag.ch\/index.php\/wp-json\/wp\/v2\/pages\/33\/revisions"}],"wp:attachment":[{"href":"https:\/\/www.angstag.ch\/index.php\/wp-json\/wp\/v2\/media?parent=33"}],"curies":[{"name":"wp","href":"https:\/\/api.w.org\/{rel}","templated":true}]}}