{"id":559,"date":"2020-08-20T13:36:11","date_gmt":"2020-08-20T13:36:11","guid":{"rendered":"https:\/\/www.angstag.ch\/?page_id=559"},"modified":"2026-03-27T04:48:00","modified_gmt":"2026-03-27T04:48:00","slug":"jobs","status":"publish","type":"page","link":"https:\/\/www.angstag.ch\/index.php\/jobs\/","title":{"rendered":"Jobs"},"content":{"rendered":"\t\t<div data-elementor-type=\"wp-page\" data-elementor-id=\"559\" class=\"elementor elementor-559\" data-elementor-post-type=\"page\">\n\t\t\t\t\t\t<section class=\"elementor-section elementor-top-section elementor-element elementor-element-28f5abe elementor-section-full_width elementor-section-height-default elementor-section-height-default\" data-id=\"28f5abe\" data-element_type=\"section\" data-e-type=\"section\" data-settings=\"{&quot;background_background&quot;:&quot;classic&quot;,&quot;sticky&quot;:&quot;top&quot;,&quot;sticky_on&quot;:[&quot;desktop&quot;,&quot;tablet&quot;,&quot;mobile&quot;],&quot;sticky_offset&quot;:0,&quot;sticky_effects_offset&quot;:0}\">\n\t\t\t\t\t\t<div class=\"elementor-container elementor-column-gap-default\">\n\t\t\t\t\t<div class=\"elementor-column elementor-col-100 elementor-top-column elementor-element elementor-element-e20f239\" data-id=\"e20f239\" data-element_type=\"column\" data-e-type=\"column\">\n\t\t\t<div class=\"elementor-widget-wrap elementor-element-populated\">\n\t\t\t\t\t\t<div class=\"elementor-element elementor-element-bcd97d2 elementor-widget elementor-widget-spacer\" data-id=\"bcd97d2\" data-element_type=\"widget\" data-e-type=\"widget\" data-widget_type=\"spacer.default\">\n\t\t\t\t<div class=\"elementor-widget-container\">\n\t\t\t\t\t\t\t<div class=\"elementor-spacer\">\n\t\t\t<div class=\"elementor-spacer-inner\"><\/div>\n\t\t<\/div>\n\t\t\t\t\t\t<\/div>\n\t\t\t\t<\/div>\n\t\t\t\t<div class=\"elementor-element elementor-element-8f42b2b elementor-widget elementor-widget-heading\" data-id=\"8f42b2b\" data-element_type=\"widget\" data-e-type=\"widget\" data-widget_type=\"heading.default\">\n\t\t\t\t<div class=\"elementor-widget-container\">\n\t\t\t\t\t<h2 class=\"elementor-heading-title elementor-size-default\">Jobs<\/h2>\t\t\t\t<\/div>\n\t\t\t\t<\/div>\n\t\t\t\t<div class=\"elementor-element elementor-element-5e36f8f elementor-widget elementor-widget-spacer\" data-id=\"5e36f8f\" data-element_type=\"widget\" data-e-type=\"widget\" data-widget_type=\"spacer.default\">\n\t\t\t\t<div class=\"elementor-widget-container\">\n\t\t\t\t\t\t\t<div class=\"elementor-spacer\">\n\t\t\t<div class=\"elementor-spacer-inner\"><\/div>\n\t\t<\/div>\n\t\t\t\t\t\t<\/div>\n\t\t\t\t<\/div>\n\t\t\t\t\t<\/div>\n\t\t<\/div>\n\t\t\t\t\t<\/div>\n\t\t<\/section>\n\t\t\t\t<section class=\"elementor-section elementor-top-section elementor-element elementor-element-ca57745 elementor-section-boxed elementor-section-height-default elementor-section-height-default\" data-id=\"ca57745\" data-element_type=\"section\" data-e-type=\"section\">\n\t\t\t\t\t\t<div class=\"elementor-container elementor-column-gap-default\">\n\t\t\t\t\t<div class=\"elementor-column elementor-col-100 elementor-top-column elementor-element elementor-element-11cce27\" data-id=\"11cce27\" data-element_type=\"column\" data-e-type=\"column\">\n\t\t\t<div class=\"elementor-widget-wrap elementor-element-populated\">\n\t\t\t\t\t\t<div class=\"elementor-element elementor-element-63e0f3e elementor-widget elementor-widget-spacer\" data-id=\"63e0f3e\" data-element_type=\"widget\" data-e-type=\"widget\" data-widget_type=\"spacer.default\">\n\t\t\t\t<div class=\"elementor-widget-container\">\n\t\t\t\t\t\t\t<div class=\"elementor-spacer\">\n\t\t\t<div class=\"elementor-spacer-inner\"><\/div>\n\t\t<\/div>\n\t\t\t\t\t\t<\/div>\n\t\t\t\t<\/div>\n\t\t\t\t\t<\/div>\n\t\t<\/div>\n\t\t\t\t\t<\/div>\n\t\t<\/section>\n\t\t\t\t<section class=\"elementor-section elementor-top-section elementor-element elementor-element-1b0e471 elementor-section-boxed elementor-section-height-default elementor-section-height-default\" data-id=\"1b0e471\" data-element_type=\"section\" data-e-type=\"section\">\n\t\t\t\t\t\t<div class=\"elementor-container elementor-column-gap-default\">\n\t\t\t\t\t<div class=\"elementor-column elementor-col-100 elementor-top-column elementor-element elementor-element-31981de\" data-id=\"31981de\" data-element_type=\"column\" data-e-type=\"column\">\n\t\t\t<div class=\"elementor-widget-wrap elementor-element-populated\">\n\t\t\t\t\t\t<div class=\"elementor-element elementor-element-b642f73 elementor-widget elementor-widget-text-editor\" data-id=\"b642f73\" data-element_type=\"widget\" data-e-type=\"widget\" data-widget_type=\"text-editor.default\">\n\t\t\t\t<div class=\"elementor-widget-container\">\n\t\t\t\t\t\t\t\t\t<p><span style=\"color: #000000;\">Die Angst AG Z\u00fcrich besch\u00e4ftigt rund 220 Mitarbeiter und Mitarbeiterinnen, welche t\u00e4glich eine grosse Vielfalt an Produkten erschaffen. Willst du gerne Teil unseres Teams sein?&nbsp; &nbsp;<\/span><\/p>\t\t\t\t\t\t\t\t<\/div>\n\t\t\t\t<\/div>\n\t\t\t\t\t<\/div>\n\t\t<\/div>\n\t\t\t\t\t<\/div>\n\t\t<\/section>\n\t\t\t\t<section class=\"elementor-section elementor-top-section elementor-element elementor-element-d32fc51 elementor-section-boxed elementor-section-height-default elementor-section-height-default\" data-id=\"d32fc51\" data-element_type=\"section\" data-e-type=\"section\">\n\t\t\t\t\t\t<div class=\"elementor-container elementor-column-gap-default\">\n\t\t\t\t\t<div class=\"elementor-column elementor-col-100 elementor-top-column elementor-element elementor-element-5b3454e\" data-id=\"5b3454e\" data-element_type=\"column\" data-e-type=\"column\">\n\t\t\t<div class=\"elementor-widget-wrap elementor-element-populated\">\n\t\t\t\t\t\t<div class=\"elementor-element elementor-element-0d37434 elementor-widget elementor-widget-heading\" data-id=\"0d37434\" data-element_type=\"widget\" data-e-type=\"widget\" data-widget_type=\"heading.default\">\n\t\t\t\t<div class=\"elementor-widget-container\">\n\t\t\t\t\t<h2 class=\"elementor-heading-title elementor-size-default\">Wir suchen Dich! - Offene Stellen<\/h2>\t\t\t\t<\/div>\n\t\t\t\t<\/div>\n\t\t\t\t<div class=\"elementor-element elementor-element-45a079a elementor-widget__width-initial elementor-widget-divider--view-line elementor-widget elementor-widget-divider\" data-id=\"45a079a\" data-element_type=\"widget\" data-e-type=\"widget\" data-widget_type=\"divider.default\">\n\t\t\t\t<div class=\"elementor-widget-container\">\n\t\t\t\t\t\t\t<div class=\"elementor-divider\">\n\t\t\t<span class=\"elementor-divider-separator\">\n\t\t\t\t\t\t<\/span>\n\t\t<\/div>\n\t\t\t\t\t\t<\/div>\n\t\t\t\t<\/div>\n\t\t\t\t\t<\/div>\n\t\t<\/div>\n\t\t\t\t\t<\/div>\n\t\t<\/section>\n\t\t\t\t<section class=\"elementor-section elementor-top-section elementor-element elementor-element-cb9872e elementor-section-boxed elementor-section-height-default elementor-section-height-default\" data-id=\"cb9872e\" data-element_type=\"section\" data-e-type=\"section\">\n\t\t\t\t\t\t<div class=\"elementor-container elementor-column-gap-default\">\n\t\t\t\t\t<div class=\"elementor-column elementor-col-50 elementor-top-column elementor-element elementor-element-f5ff589\" data-id=\"f5ff589\" data-element_type=\"column\" data-e-type=\"column\">\n\t\t\t<div class=\"elementor-widget-wrap elementor-element-populated\">\n\t\t\t\t\t\t<div class=\"elementor-element elementor-element-2bdc904 elementor-widget elementor-widget-heading\" data-id=\"2bdc904\" data-element_type=\"widget\" data-e-type=\"widget\" data-widget_type=\"heading.default\">\n\t\t\t\t<div class=\"elementor-widget-container\">\n\t\t\t\t\t<h2 class=\"elementor-heading-title elementor-size-default\"><a href=\"https:\/\/www.angstag.ch\/wp-content\/uploads\/2026\/02\/Mitarbeiter-Zerlegerei-100.pdf\" target=\"_blank\" rel=\"nofollow\" https=\"\">Zerleger\/in<\/a><\/h2>\t\t\t\t<\/div>\n\t\t\t\t<\/div>\n\t\t\t\t\t<\/div>\n\t\t<\/div>\n\t\t\t\t<div class=\"elementor-column elementor-col-50 elementor-top-column elementor-element elementor-element-7eee9f8\" data-id=\"7eee9f8\" data-element_type=\"column\" data-e-type=\"column\">\n\t\t\t<div class=\"elementor-widget-wrap elementor-element-populated\">\n\t\t\t\t\t\t<div class=\"elementor-element elementor-element-cf19984 elementor-widget elementor-widget-heading\" data-id=\"cf19984\" data-element_type=\"widget\" data-e-type=\"widget\" data-widget_type=\"heading.default\">\n\t\t\t\t<div class=\"elementor-widget-container\">\n\t\t\t\t\t<h2 class=\"elementor-heading-title elementor-size-default\"><a href=\"https:\/\/www.angstag.ch\/wp-content\/uploads\/2026\/02\/Mitarbeiter-Zerlegerei-100.pdf\" target=\"_blank\" https=\"\"><span style=\"font-size: 16px\">F\u00fcr unser Zerlegerei-Team suchen wir Verst\u00e4rkung. Abreitest du gerne als Teil einer Gruppe an einem gemeinsamen Ziel.<\/span><br><span style=\"font-size: 16px\">Dann klick <i>h<u>i<\/u>er<\/i>.<\/span><\/a><\/h2>\t\t\t\t<\/div>\n\t\t\t\t<\/div>\n\t\t\t\t\t<\/div>\n\t\t<\/div>\n\t\t\t\t\t<\/div>\n\t\t<\/section>\n\t\t\t\t<section class=\"elementor-section elementor-top-section elementor-element elementor-element-5e34d91 elementor-section-boxed elementor-section-height-default elementor-section-height-default\" data-id=\"5e34d91\" data-element_type=\"section\" data-e-type=\"section\">\n\t\t\t\t\t\t<div class=\"elementor-container elementor-column-gap-default\">\n\t\t\t\t\t<div class=\"elementor-column elementor-col-100 elementor-top-column elementor-element elementor-element-2cf29c0\" data-id=\"2cf29c0\" data-element_type=\"column\" data-e-type=\"column\">\n\t\t\t<div class=\"elementor-widget-wrap elementor-element-populated\">\n\t\t\t\t\t\t<div class=\"elementor-element elementor-element-52f90c2 elementor-widget__width-initial elementor-widget-divider--view-line elementor-widget elementor-widget-divider\" data-id=\"52f90c2\" data-element_type=\"widget\" data-e-type=\"widget\" data-widget_type=\"divider.default\">\n\t\t\t\t<div class=\"elementor-widget-container\">\n\t\t\t\t\t\t\t<div class=\"elementor-divider\">\n\t\t\t<span class=\"elementor-divider-separator\">\n\t\t\t\t\t\t<\/span>\n\t\t<\/div>\n\t\t\t\t\t\t<\/div>\n\t\t\t\t<\/div>\n\t\t\t\t\t<\/div>\n\t\t<\/div>\n\t\t\t\t\t<\/div>\n\t\t<\/section>\n\t\t\t\t<section class=\"elementor-section elementor-top-section elementor-element elementor-element-2014a1f elementor-section-boxed elementor-section-height-default elementor-section-height-default\" data-id=\"2014a1f\" data-element_type=\"section\" data-e-type=\"section\">\n\t\t\t\t\t\t<div class=\"elementor-container elementor-column-gap-default\">\n\t\t\t\t\t<div class=\"elementor-column elementor-col-100 elementor-top-column elementor-element elementor-element-052f128\" data-id=\"052f128\" data-element_type=\"column\" data-e-type=\"column\">\n\t\t\t<div class=\"elementor-widget-wrap elementor-element-populated\">\n\t\t\t\t\t\t<div class=\"elementor-element elementor-element-99b90dc elementor-widget elementor-widget-toggle\" data-id=\"99b90dc\" data-element_type=\"widget\" data-e-type=\"widget\" data-widget_type=\"toggle.default\">\n\t\t\t\t<div class=\"elementor-widget-container\">\n\t\t\t\t\t\t\t<div class=\"elementor-toggle\">\n\t\t\t\t\t\t\t<div class=\"elementor-toggle-item\">\n\t\t\t\t\t<div id=\"elementor-tab-title-1611\" class=\"elementor-tab-title\" data-tab=\"1\" role=\"button\" aria-controls=\"elementor-tab-content-1611\" aria-expanded=\"false\">\n\t\t\t\t\t\t\t\t\t\t\t\t<span class=\"elementor-toggle-icon elementor-toggle-icon-left\" aria-hidden=\"true\">\n\t\t\t\t\t\t\t\t\t\t\t\t\t\t\t<span class=\"elementor-toggle-icon-closed\"><i class=\"fas fa-caret-right\"><\/i><\/span>\n\t\t\t\t\t\t\t\t<span class=\"elementor-toggle-icon-opened\"><i class=\"elementor-toggle-icon-opened fas fa-caret-up\"><\/i><\/span>\n\t\t\t\t\t\t\t\t\t\t\t\t\t<\/span>\n\t\t\t\t\t\t\t\t\t\t\t\t<a class=\"elementor-toggle-title\" tabindex=\"0\">f\u00fcr Lernende<\/a>\n\t\t\t\t\t<\/div>\n\n\t\t\t\t\t<div id=\"elementor-tab-content-1611\" class=\"elementor-tab-content elementor-clearfix\" data-tab=\"1\" role=\"region\" aria-labelledby=\"elementor-tab-title-1611\"><p><span style=\"color: #000000;\">Du bist auf der Suche nach einer Lehrstelle? Du interessierst dich f\u00fcr Fleisch und Lebensmittel und m\u00f6chtest in Zukunft damit arbeiten?<\/span><\/p><p><span style=\"color: #000000;\">Wir zeigen dir die Vielf\u00e4ltigkeit unserer Produkte und du lernst, wie diese hergestellt werden. Du arbeitest w\u00e4hrend deiner Lehre in verschiedenen Abteilungen und lernst deren Handwerk kennen. Du erh\u00e4ltst Einblicke in kleine Musterproduktionen der Entwicklungsabteilung oder in die industrielle Grossproduktion mit unserem Maschinenpark.<\/span><\/p><p><span style=\"color: #000000;\">Wir bieten Lehrstellen f\u00fcr folgende Berufe:<\/span><br \/><strong><span style=\"color: #000000;\">Fleischfachmann\/-frau EFZ<\/span><\/strong><br \/><strong><span style=\"color: #000000;\">Fleischfachassistent\/-in EBA<br \/><\/span><\/strong><\/p><p><strong><span style=\"color: #000000;\">Deine Vorteile:<\/span><\/strong><br \/><span style=\"color: #000000;\">Zentrale Lage beim Z\u00fcrcher Letzigrund im Kreis 4<\/span><br \/><span style=\"color: #000000;\">Grossz\u00fcgige Beteiligung am Schulmaterial<\/span><br \/><span style=\"color: #000000;\">Sanfte Einarbeitung in verantwortungsvolle Aufgaben<\/span><br \/><span style=\"color: #000000;\">Kennenlernen einer breiten Produktpalette<\/span><br \/><span style=\"color: #000000;\">Reichhaltige und g\u00fcnstige Verpflegung (mit Metzger-Zmorge) in unserer Kantine<\/span><\/p><p><span style=\"color: #000000;\">Hast du Interesse? Gerne zeigen wir dir beim Schnuppern unseren Betrieb und bringen dir erste Metzger-Handgriffe bei. Schreib uns hier: <span style=\"text-decoration: underline;\"><a style=\"color: #000000; text-decoration: underline;\" href=\"mailto:bewerbung@angstag.ch\">bewerbung@angstag.ch<\/a><\/span><\/span><\/p><\/div>\n\t\t\t\t<\/div>\n\t\t\t\t\t\t\t<div class=\"elementor-toggle-item\">\n\t\t\t\t\t<div id=\"elementor-tab-title-1612\" class=\"elementor-tab-title\" data-tab=\"2\" role=\"button\" aria-controls=\"elementor-tab-content-1612\" aria-expanded=\"false\">\n\t\t\t\t\t\t\t\t\t\t\t\t<span class=\"elementor-toggle-icon elementor-toggle-icon-left\" aria-hidden=\"true\">\n\t\t\t\t\t\t\t\t\t\t\t\t\t\t\t<span class=\"elementor-toggle-icon-closed\"><i class=\"fas fa-caret-right\"><\/i><\/span>\n\t\t\t\t\t\t\t\t<span class=\"elementor-toggle-icon-opened\"><i class=\"elementor-toggle-icon-opened fas fa-caret-up\"><\/i><\/span>\n\t\t\t\t\t\t\t\t\t\t\t\t\t<\/span>\n\t\t\t\t\t\t\t\t\t\t\t\t<a class=\"elementor-toggle-title\" tabindex=\"0\">f\u00fcr Studierende<\/a>\n\t\t\t\t\t<\/div>\n\n\t\t\t\t\t<div id=\"elementor-tab-content-1612\" class=\"elementor-tab-content elementor-clearfix\" data-tab=\"2\" role=\"region\" aria-labelledby=\"elementor-tab-title-1612\"><p><span style=\"color: #000000;\">Absolvierst du ein Studium im Lebensmittelbereich? Suchst du praktische Herausforderungen und willst du dein theoretisch erworbenes Fachwissen ins Arbeitsleben integrieren?<\/span><\/p><p><span style=\"color: #000000;\">Wir bieten ein flexibles Praktikums-Angebot. Die Dauer des Praktikums kann individuell abgestimmt werden und auch der Einsatzbereich wird deinen Bed\u00fcrfnissen angepasst. <\/span><\/p><p><span style=\"color: #000000;\">Du hast die M\u00f6glichkeit, unser Berufsfeld kennenzulernen und erhalten vertiefte Einblicke in unseren Alltag. Eingegliedert in die Produktentwicklung lernst du das Unternehmen mit all seinen Abteilungen kennen. Du \u00fcbernimmst du Verantwortung in der Qualit\u00e4tssicherung und erledigst zusammen mit ihrem Vorgesetzten Arbeiten des Tagesgesch\u00e4ftes.\u00a0<\/span><\/p><p><span style=\"color: #000000;\">Deine Aufgaben reichen vom Erstellen von Produktspezifikationen, Vorkalkulationen und Pflegen der Stammdaten \u00fcber Mitarbeit im Betrieb und externen Audits bis hin zu Marketing-Aufgaben. <\/span><span style=\"color: #000000;\">Ausserdem kannst du in eigener Initiative Projekte umsetzen und das Unternehmen mit deinen F\u00e4higkeiten pr\u00e4gend mitgestalten<\/span><\/p><p><span style=\"color: #000000;\"><strong>Deine Vorteile:<\/strong><\/span><br \/><span style=\"color: #000000;\">Zentrale Lage beim Z\u00fcrcher Letzigrund im Kreis 4<\/span><br \/><span style=\"color: #000000;\">Kennenlernen einer breiten Produktpalette<\/span><br \/><span style=\"color: #000000;\">Reichhaltige und g\u00fcnstige Verpflegung (mit Metzger-Zmorge) in unserer Kantine<br \/>Flexible Einsatzbereiche, je nach\u00a0 Interesse und Praktikumsdauer<br \/>Faire Entl\u00f6hnung<\/span><\/p><p><span style=\"color: #000000;\">Interessiert? Bewirb dich mit einem kurzen Motivationsschreiben und einem Lebenslauf hier: <span style=\"text-decoration: underline;\"><a style=\"color: #000000; text-decoration: underline;\" href=\"mailto:bewerbung@angstag.ch\">bewerbung@angstag.ch<\/a><\/span><\/span><\/p><\/div>\n\t\t\t\t<\/div>\n\t\t\t\t\t\t\t<div class=\"elementor-toggle-item\">\n\t\t\t\t\t<div id=\"elementor-tab-title-1613\" class=\"elementor-tab-title\" data-tab=\"3\" role=\"button\" aria-controls=\"elementor-tab-content-1613\" aria-expanded=\"false\">\n\t\t\t\t\t\t\t\t\t\t\t\t<span class=\"elementor-toggle-icon elementor-toggle-icon-left\" aria-hidden=\"true\">\n\t\t\t\t\t\t\t\t\t\t\t\t\t\t\t<span class=\"elementor-toggle-icon-closed\"><i class=\"fas fa-caret-right\"><\/i><\/span>\n\t\t\t\t\t\t\t\t<span class=\"elementor-toggle-icon-opened\"><i class=\"elementor-toggle-icon-opened fas fa-caret-up\"><\/i><\/span>\n\t\t\t\t\t\t\t\t\t\t\t\t\t<\/span>\n\t\t\t\t\t\t\t\t\t\t\t\t<a class=\"elementor-toggle-title\" tabindex=\"0\">f\u00fcr Berufserfahrene<\/a>\n\t\t\t\t\t<\/div>\n\n\t\t\t\t\t<div id=\"elementor-tab-content-1613\" class=\"elementor-tab-content elementor-clearfix\" data-tab=\"3\" role=\"region\" aria-labelledby=\"elementor-tab-title-1613\"><p><span style=\"color: #000000;\">Du hast Erfahrung im Umgang mit Lebensmitteln, m\u00f6chtest dich selber weiterentwickeln und deine F\u00e4higkeiten in unserem Unternehmen einbringen?\u00a0<\/span><\/p><p><span style=\"color: #000000;\">Wir bieten ein abwechslungsreiches Umfeld und freuen uns auf motivierte Mitarbeiter mit Eigeninitiative, die mit uns die Qualit\u00e4tsstandards einhalten und erweitern. Wir suchen Pers\u00f6nlichkeiten, die Freude am Umgang mit qualitativ hochwertigen Lebensmittel haben und gerne in einem multinationalen Team arbeiten.<\/span><\/p><p><span style=\"color: #000000;\">Unser Arbeitsgebiet erfordert flexible Mitarbeitende, die auch in herausfordernden Situationen einen k\u00fchlen Kopf bewahren.\u00a0<\/span><\/p><p><span style=\"color: #000000;\">Gerne lassen wir uns von deinen Vorteilen \u00fcberzeugen. Bewirb dich spontan mit vollst\u00e4ndigem Bewerbungsdossier hier: <span style=\"text-decoration: underline;\"><a style=\"color: #000000; text-decoration: underline;\" href=\"mailto:bewerbung@angstag.ch\">bewerbung@angstag.ch<\/a><\/span><\/span><\/p><\/div>\n\t\t\t\t<\/div>\n\t\t\t\t\t\t\t\t<\/div>\n\t\t\t\t\t\t<\/div>\n\t\t\t\t<\/div>\n\t\t\t\t\t<\/div>\n\t\t<\/div>\n\t\t\t\t\t<\/div>\n\t\t<\/section>\n\t\t\t\t<section class=\"elementor-section elementor-top-section elementor-element elementor-element-f6c6601 elementor-section-boxed elementor-section-height-default elementor-section-height-default\" data-id=\"f6c6601\" data-element_type=\"section\" data-e-type=\"section\">\n\t\t\t\t\t\t<div class=\"elementor-container elementor-column-gap-default\">\n\t\t\t\t\t<div class=\"elementor-column elementor-col-100 elementor-top-column elementor-element elementor-element-ae89000\" data-id=\"ae89000\" data-element_type=\"column\" data-e-type=\"column\">\n\t\t\t<div class=\"elementor-widget-wrap\">\n\t\t\t\t\t\t\t<\/div>\n\t\t<\/div>\n\t\t\t\t\t<\/div>\n\t\t<\/section>\n\t\t\t\t<section class=\"elementor-section elementor-top-section elementor-element elementor-element-10f786b elementor-section-boxed elementor-section-height-default elementor-section-height-default\" data-id=\"10f786b\" data-element_type=\"section\" data-e-type=\"section\">\n\t\t\t\t\t\t<div class=\"elementor-container elementor-column-gap-default\">\n\t\t\t\t\t<div class=\"elementor-column elementor-col-100 elementor-top-column elementor-element elementor-element-22f814c\" data-id=\"22f814c\" data-element_type=\"column\" data-e-type=\"column\">\n\t\t\t<div class=\"elementor-widget-wrap elementor-element-populated\">\n\t\t\t\t\t\t<div class=\"elementor-element elementor-element-ba6811b elementor-widget elementor-widget-heading\" data-id=\"ba6811b\" data-element_type=\"widget\" data-e-type=\"widget\" data-widget_type=\"heading.default\">\n\t\t\t\t<div class=\"elementor-widget-container\">\n\t\t\t\t\t<h2 class=\"elementor-heading-title elementor-size-default\">Gib hier deine \u00dcberschrift ein<\/h2>\t\t\t\t<\/div>\n\t\t\t\t<\/div>\n\t\t\t\t\t<\/div>\n\t\t<\/div>\n\t\t\t\t\t<\/div>\n\t\t<\/section>\n\t\t\t\t<\/div>\n\t\t","protected":false},"excerpt":{"rendered":"<p>Jobs Die Angst AG Z\u00fcrich besch\u00e4ftigt rund 220 Mitarbeiter und Mitarbeiterinnen, welche t\u00e4glich eine grosse Vielfalt an Produkten erschaffen. Willst du gerne Teil unseres Teams sein?&nbsp; &nbsp; Wir suchen Dich! &#8211; Offene Stellen Zerleger\/in F\u00fcr unser Zerlegerei-Team suchen wir Verst\u00e4rkung. Abreitest du gerne als Teil einer Gruppe an einem gemeinsamen Ziel.Dann klick hier. f\u00fcr Lernende&hellip;&nbsp;<a href=\"https:\/\/www.angstag.ch\/index.php\/jobs\/\" rel=\"bookmark\">Weiterlesen &raquo;<span class=\"screen-reader-text\">Jobs<\/span><\/a><\/p>\n","protected":false},"author":3,"featured_media":0,"parent":0,"menu_order":0,"comment_status":"closed","ping_status":"closed","template":"","meta":{"neve_meta_sidebar":"","neve_meta_container":"","neve_meta_enable_content_width":"off","neve_meta_content_width":0,"neve_meta_title_alignment":"","neve_meta_author_avatar":"","neve_post_elements_order":"","neve_meta_disable_header":"","neve_meta_disable_footer":"","neve_meta_disable_title":"on","footnotes":""},"class_list":["post-559","page","type-page","status-publish","hentry"],"_links":{"self":[{"href":"https:\/\/www.angstag.ch\/index.php\/wp-json\/wp\/v2\/pages\/559","targetHints":{"allow":["GET"]}}],"collection":[{"href":"https:\/\/www.angstag.ch\/index.php\/wp-json\/wp\/v2\/pages"}],"about":[{"href":"https:\/\/www.angstag.ch\/index.php\/wp-json\/wp\/v2\/types\/page"}],"author":[{"embeddable":true,"href":"https:\/\/www.angstag.ch\/index.php\/wp-json\/wp\/v2\/users\/3"}],"replies":[{"embeddable":true,"href":"https:\/\/www.angstag.ch\/index.php\/wp-json\/wp\/v2\/comments?post=559"}],"version-history":[{"count":675,"href":"https:\/\/www.angstag.ch\/index.php\/wp-json\/wp\/v2\/pages\/559\/revisions"}],"predecessor-version":[{"id":10561,"href":"https:\/\/www.angstag.ch\/index.php\/wp-json\/wp\/v2\/pages\/559\/revisions\/10561"}],"wp:attachment":[{"href":"https:\/\/www.angstag.ch\/index.php\/wp-json\/wp\/v2\/media?parent=559"}],"curies":[{"name":"wp","href":"https:\/\/api.w.org\/{rel}","templated":true}]}}